{"id":4675,"date":"2025-02-21T07:09:47","date_gmt":"2025-02-21T06:09:47","guid":{"rendered":"https:\/\/textilbogyo.hu\/?post_type=product&#038;p=4675"},"modified":"2025-04-02T17:21:38","modified_gmt":"2025-04-02T16:21:38","slug":"tengerkek-pillango-textilbogyo-fulbevalo-fonalekszer-textil-fulbevalo-textilekszer","status":"publish","type":"product","link":"https:\/\/textilbogyo.hu\/en_gb\/shop\/fa-ekszerek\/tengerkek-pillango-textilbogyo-fulbevalo-fonalekszer-textil-fulbevalo-textilekszer\/","title":{"rendered":"Tengerk\u00e9k pillang\u00f3 textilbogy\u00f3 f\u00fclbeval\u00f3, fonal\u00e9kszer, textil f\u00fclbeval\u00f3, textil\u00e9kszer"},"content":{"rendered":"<p>F\u00e1b\u00f3l k\u00e9sz\u00fclt f\u00fclbeval\u00f3, melynek a k\u00f6zep\u00e9n halv\u00e1ny k\u00e9k fonal g\u00f6mb domborodik ki.<\/p>\n<p>Teljes hossz: 5.5 cm<\/p>\n<p>Pillang\u00f3 sz\u00e9less\u00e9ge legfel\u00fcl: 6 cm<\/p>\n<p>M\u00e1s sz\u00ednekb\u0151l is sz\u00edvesen elk\u00e9sz\u00edtem kedvenc darabodat! V\u00edzben ne haszn\u00e1ld, k\u00e9rlek! Kiv\u00e1l\u00f3 aj\u00e1nd\u00e9k kar\u00e1csonyra, n\u00e9vnapra, sz\u00fclinapra<\/p>","protected":false},"excerpt":{"rendered":"<p>Pillang\u00f3 fa f\u00fclbeval\u00f3<\/p>","protected":false},"featured_media":4676,"template":"","meta":{"_monsterinsights_skip_tracking":false,"_monsterinsights_sitenote_active":false,"_monsterinsights_sitenote_note":"","_monsterinsights_sitenote_category":0,"kt_blocks_editor_width":""},"product_cat":[749],"product_tag":[1302,1407,1417,1295,1415,1416,1299,1296,1303],"_links":{"self":[{"href":"https:\/\/textilbogyo.hu\/en_gb\/wp-json\/wp\/v2\/product\/4675"}],"collection":[{"href":"https:\/\/textilbogyo.hu\/en_gb\/wp-json\/wp\/v2\/product"}],"about":[{"href":"https:\/\/textilbogyo.hu\/en_gb\/wp-json\/wp\/v2\/types\/product"}],"wp:featuredmedia":[{"embeddable":true,"href":"https:\/\/textilbogyo.hu\/en_gb\/wp-json\/wp\/v2\/media\/4676"}],"wp:attachment":[{"href":"https:\/\/textilbogyo.hu\/en_gb\/wp-json\/wp\/v2\/media?parent=4675"}],"wp:term":[{"taxonomy":"product_cat","embeddable":true,"href":"https:\/\/textilbogyo.hu\/en_gb\/wp-json\/wp\/v2\/product_cat?post=4675"},{"taxonomy":"product_tag","embeddable":true,"href":"https:\/\/textilbogyo.hu\/en_gb\/wp-json\/wp\/v2\/product_tag?post=4675"}],"curies":[{"name":"wp","href":"https:\/\/api.w.org\/{rel}","templated":true}]}}