{"id":4680,"date":"2025-02-21T07:23:59","date_gmt":"2025-02-21T06:23:59","guid":{"rendered":"https:\/\/textilbogyo.hu\/?post_type=product&#038;p=4680"},"modified":"2025-09-30T20:09:15","modified_gmt":"2025-09-30T19:09:15","slug":"viragos-cseppalaku-fulbevalo-es-nyaklanc-szett-viragos","status":"publish","type":"product","link":"https:\/\/textilbogyo.hu\/en_gb\/shop\/fa-ekszerek\/viragos-cseppalaku-fulbevalo-es-nyaklanc-szett-viragos\/","title":{"rendered":"Vir\u00e1gos cseppalak\u00fa f\u00fclbeval\u00f3 \u00e9s nyakl\u00e1nc szett, vir\u00e1gos fa\u00e9kszerek, csepp"},"content":{"rendered":"<p>Vir\u00e1gos textilb\u0151l k\u00e9sz\u00fclt facsepp nyakl\u00e1nc \u00e9s f\u00fclbeval\u00f3 szett. A nyakl\u00e1nc \u00f6sszekapcsolhat\u00f3 , b\u00e9zs sz\u00edn\u0171 organza szalagon f\u00fcgg.<\/p>\n<p>&nbsp;<\/p>\n<p>Nyakl\u00e1nc teljes hossza: 8.8 cm<\/p>\n<p>Facsepp hossza: 6.4 cm<\/p>\n<p>facsepp legnagyobb sz\u00e9less\u00e9ge 4.5 cm<\/p>\n<p>F\u00fclbeval\u00f3 teljes hossza: 5.5 cm, a facsepp m\u00e9rete: 3.2 cm x 2.4 cm<\/p>\n<p>Nyakl\u00e1nc k\u00fcl\u00f6n: 5000 Ft<\/p>\n<p>F\u00fclbeval\u00f3 k\u00fcl\u00f6n: 4500 Ft<\/p>\n<p>Szettk\u00e9nt: 8200 Ft<\/p>\n<p>&nbsp;<\/p>","protected":false},"excerpt":{"rendered":"<p>Fa csepp f\u00fclbeval\u00f3 \u00e9s nyakl\u00e1nc<\/p>","protected":false},"featured_media":4681,"template":"","meta":{"_monsterinsights_skip_tracking":false,"_monsterinsights_sitenote_active":false,"_monsterinsights_sitenote_note":"","_monsterinsights_sitenote_category":0,"kt_blocks_editor_width":""},"product_cat":[749],"product_tag":[1302,1419,1421,1461,1407,1417,1295,1416,1462,1299,1296,1418,1303],"_links":{"self":[{"href":"https:\/\/textilbogyo.hu\/en_gb\/wp-json\/wp\/v2\/product\/4680"}],"collection":[{"href":"https:\/\/textilbogyo.hu\/en_gb\/wp-json\/wp\/v2\/product"}],"about":[{"href":"https:\/\/textilbogyo.hu\/en_gb\/wp-json\/wp\/v2\/types\/product"}],"wp:featuredmedia":[{"embeddable":true,"href":"https:\/\/textilbogyo.hu\/en_gb\/wp-json\/wp\/v2\/media\/4681"}],"wp:attachment":[{"href":"https:\/\/textilbogyo.hu\/en_gb\/wp-json\/wp\/v2\/media?parent=4680"}],"wp:term":[{"taxonomy":"product_cat","embeddable":true,"href":"https:\/\/textilbogyo.hu\/en_gb\/wp-json\/wp\/v2\/product_cat?post=4680"},{"taxonomy":"product_tag","embeddable":true,"href":"https:\/\/textilbogyo.hu\/en_gb\/wp-json\/wp\/v2\/product_tag?post=4680"}],"curies":[{"name":"wp","href":"https:\/\/api.w.org\/{rel}","templated":true}]}}