{"id":4693,"date":"2025-02-21T08:34:02","date_gmt":"2025-02-21T07:34:02","guid":{"rendered":"https:\/\/textilbogyo.hu\/?post_type=product&#038;p=4693"},"modified":"2025-10-01T09:51:49","modified_gmt":"2025-10-01T08:51:49","slug":"nagy-csepp-alaku-fonal-fulbevalo-textil-egyedi-fulbevalo-fonal-fulbevalo-fafulbevalo-masolat-2","status":"publish","type":"product","link":"https:\/\/textilbogyo.hu\/en_gb\/shop\/fa-ekszerek\/nagy-csepp-alaku-fonal-fulbevalo-textil-egyedi-fulbevalo-fonal-fulbevalo-fafulbevalo-masolat-2\/","title":{"rendered":"Nagy csepp alak\u00fa fonal f\u00fclbeval\u00f3 ,textil egyedi f\u00fclbeval\u00f3, fonal f\u00fclbeval\u00f3, faf\u00fclbeval\u00f3"},"content":{"rendered":"<p>Csepp alak\u00fa faalapra k\u00e9sz\u00fclt sz\u00ednes fonal f\u00fclbeval\u00f3 . A faalap k\u00e9k sz\u00edn\u0171re festett, lakkal fedett. Egyedi darab. Bib f\u00fclbeval\u00f3. T\u00f6bb darabot is el tudok k\u00e9sz\u00edteni rendel\u00e9sre m\u00e1s sz\u00ednvil\u00e1gban is . Halv\u00e1ny k\u00e9k \u00e1rnyalatban k\u00e9sz\u00fclt. Azoknak aj\u00e1nlom, akik a vil\u00e1gosabb,visszafogottabb sz\u00edneket \u00e9s a nagyobb darabokat szeretik.<\/p>\n<p>M\u00e9rete: F\u00fclbeval\u00f3 teljes hossza: 8.8 cm<\/p>\n<p>&nbsp;<\/p>\n<p>&nbsp;<\/p>\n<p>&nbsp;<\/p>\n<p>&nbsp;<\/p>","protected":false},"excerpt":{"rendered":"<p>Csepp-alak\u00fa f\u00fclbeval\u00f3<\/p>\n<p>&nbsp;<\/p>","protected":false},"featured_media":4632,"template":"","meta":{"_monsterinsights_skip_tracking":false,"_monsterinsights_sitenote_active":false,"_monsterinsights_sitenote_note":"","_monsterinsights_sitenote_category":0,"kt_blocks_editor_width":""},"product_cat":[749],"product_tag":[1301,1300,1302,1421,1340,1461,1413,1412,1295,1291,1298,1299,1292,1294,1296,1303],"_links":{"self":[{"href":"https:\/\/textilbogyo.hu\/en_gb\/wp-json\/wp\/v2\/product\/4693"}],"collection":[{"href":"https:\/\/textilbogyo.hu\/en_gb\/wp-json\/wp\/v2\/product"}],"about":[{"href":"https:\/\/textilbogyo.hu\/en_gb\/wp-json\/wp\/v2\/types\/product"}],"wp:featuredmedia":[{"embeddable":true,"href":"https:\/\/textilbogyo.hu\/en_gb\/wp-json\/wp\/v2\/media\/4632"}],"wp:attachment":[{"href":"https:\/\/textilbogyo.hu\/en_gb\/wp-json\/wp\/v2\/media?parent=4693"}],"wp:term":[{"taxonomy":"product_cat","embeddable":true,"href":"https:\/\/textilbogyo.hu\/en_gb\/wp-json\/wp\/v2\/product_cat?post=4693"},{"taxonomy":"product_tag","embeddable":true,"href":"https:\/\/textilbogyo.hu\/en_gb\/wp-json\/wp\/v2\/product_tag?post=4693"}],"curies":[{"name":"wp","href":"https:\/\/api.w.org\/{rel}","templated":true}]}}