{"id":4709,"date":"2025-02-21T13:30:20","date_gmt":"2025-02-21T12:30:20","guid":{"rendered":"https:\/\/textilbogyo.hu\/?post_type=product&#038;p=4709"},"modified":"2026-03-09T11:26:28","modified_gmt":"2026-03-09T10:26:28","slug":"szivarvany-kerek-fonal-fulbevalo-es-nyaklanc-textil-nyaklanc-textil-ekszer-fonalekszer-szivarvany-ekszer","status":"publish","type":"product","link":"https:\/\/textilbogyo.hu\/en_gb\/shop\/ogel-nyaklancok\/szivarvany-kerek-fonal-fulbevalo-es-nyaklanc-textil-nyaklanc-textil-ekszer-fonalekszer-szivarvany-ekszer\/","title":{"rendered":"NAPSUG\u00c1R OGEL Kerek fonal f\u00fclbeval\u00f3, Textil nyakl\u00e1nc,  textil \u00e9kszer, fonal\u00e9kszer"},"content":{"rendered":"<p>ELKELT, de k\u00e9rhetsz \u00fajat vagy hasonl\u00f3t<\/p>\n<p>&nbsp;<\/p>\n<p>Ny\u0171g\u00f6zd le k\u00f6rnyezeted vagy lepd meg egy szeretted ezzel a s\u00e1rga sz\u00ednekben j\u00e1tsz\u00f3 kerek f\u00fclbeval\u00f3val, hiszen a t\u00f6k\u00e9letes megjelen\u00e9shez elengedhetetlen egy p\u00e1r f\u00fclbeval\u00f3.<\/p>\n<p>\u00c1tm\u00e9r\u0151: 4 cm<\/p>\n<p>\u00c1ra: 5500 Ft<\/p>","protected":false},"excerpt":{"rendered":"<p>OGEL f\u00fclbeval\u00f3<\/p>","protected":false},"featured_media":0,"template":"","meta":{"_monsterinsights_skip_tracking":false,"_monsterinsights_sitenote_active":false,"_monsterinsights_sitenote_note":"","_monsterinsights_sitenote_category":0,"kt_blocks_editor_width":""},"product_cat":[1275],"product_tag":[1395,1422,1389],"_links":{"self":[{"href":"https:\/\/textilbogyo.hu\/en_gb\/wp-json\/wp\/v2\/product\/4709"}],"collection":[{"href":"https:\/\/textilbogyo.hu\/en_gb\/wp-json\/wp\/v2\/product"}],"about":[{"href":"https:\/\/textilbogyo.hu\/en_gb\/wp-json\/wp\/v2\/types\/product"}],"wp:attachment":[{"href":"https:\/\/textilbogyo.hu\/en_gb\/wp-json\/wp\/v2\/media?parent=4709"}],"wp:term":[{"taxonomy":"product_cat","embeddable":true,"href":"https:\/\/textilbogyo.hu\/en_gb\/wp-json\/wp\/v2\/product_cat?post=4709"},{"taxonomy":"product_tag","embeddable":true,"href":"https:\/\/textilbogyo.hu\/en_gb\/wp-json\/wp\/v2\/product_tag?post=4709"}],"curies":[{"name":"wp","href":"https:\/\/api.w.org\/{rel}","templated":true}]}}