{"id":4720,"date":"2025-02-21T13:45:27","date_gmt":"2025-02-21T12:45:27","guid":{"rendered":"https:\/\/textilbogyo.hu\/?post_type=product&#038;p=4720"},"modified":"2025-10-02T13:07:08","modified_gmt":"2025-10-02T12:07:08","slug":"szurke-es-bezs-ogel-fonal-fulbevalo-textil-fulbevalo-textil-ekszer-fonalekszer","status":"publish","type":"product","link":"https:\/\/textilbogyo.hu\/en_gb\/shop\/ogel-nyaklancok\/szurke-es-bezs-ogel-fonal-fulbevalo-textil-fulbevalo-textil-ekszer-fonalekszer\/","title":{"rendered":"ELFOGYOTT Sz\u00fcrke \u00e9s b\u00e9zs OGEL fonal f\u00fclbeval\u00f3, Textil f\u00fclbeval\u00f3, textil \u00e9kszer, fonal\u00e9kszer"},"content":{"rendered":"<p>ELFOGYOTT,\u00a0 de k\u00e9rhetsz \u00fajat vagy hasonl\u00f3t<\/p>\n<p>Ny\u0171g\u00f6zd le k\u00f6rnyezeted vagy lepd meg egy szeretted ezzel a sz\u00fcrke-b\u00e9zs \u00e1rnyalat\u00fa kerek fonal f\u00fclbeval\u00f3val, hiszen a t\u00f6k\u00e9letes megjelen\u00e9shez elengedhetetlen egy p\u00e1r f\u00fclbeval\u00f3.<\/p>\n<p>\u00c1tm\u00e9r\u0151: 4 cm<\/p>\n<p>Kiv\u00e1l\u00f3 aj\u00e1nd\u00e9k kar\u00e1csonyra, n\u00e9vnapra, sz\u00fclinapra.<\/p>\n<p>&nbsp;<\/p>\n<p>\u00c1ra: 5500 Ft<\/p>","protected":false},"excerpt":{"rendered":"<p>OGEL f\u00fclbeval\u00f3<\/p>","protected":false},"featured_media":5033,"template":"","meta":{"_monsterinsights_skip_tracking":false,"_monsterinsights_sitenote_active":false,"_monsterinsights_sitenote_note":"","_monsterinsights_sitenote_category":0,"kt_blocks_editor_width":""},"product_cat":[1275],"product_tag":[1395,1422,1389],"_links":{"self":[{"href":"https:\/\/textilbogyo.hu\/en_gb\/wp-json\/wp\/v2\/product\/4720"}],"collection":[{"href":"https:\/\/textilbogyo.hu\/en_gb\/wp-json\/wp\/v2\/product"}],"about":[{"href":"https:\/\/textilbogyo.hu\/en_gb\/wp-json\/wp\/v2\/types\/product"}],"wp:featuredmedia":[{"embeddable":true,"href":"https:\/\/textilbogyo.hu\/en_gb\/wp-json\/wp\/v2\/media\/5033"}],"wp:attachment":[{"href":"https:\/\/textilbogyo.hu\/en_gb\/wp-json\/wp\/v2\/media?parent=4720"}],"wp:term":[{"taxonomy":"product_cat","embeddable":true,"href":"https:\/\/textilbogyo.hu\/en_gb\/wp-json\/wp\/v2\/product_cat?post=4720"},{"taxonomy":"product_tag","embeddable":true,"href":"https:\/\/textilbogyo.hu\/en_gb\/wp-json\/wp\/v2\/product_tag?post=4720"}],"curies":[{"name":"wp","href":"https:\/\/api.w.org\/{rel}","templated":true}]}}