{"id":4729,"date":"2025-02-21T13:53:37","date_gmt":"2025-02-21T12:53:37","guid":{"rendered":"https:\/\/textilbogyo.hu\/?post_type=product&#038;p=4729"},"modified":"2025-10-12T15:28:04","modified_gmt":"2025-10-12T14:28:04","slug":"zold-ogel-fonal-fulbevalo-textil-fulbevalo-textil-ekszer-fonalekszer-pava-ekszer","status":"publish","type":"product","link":"https:\/\/textilbogyo.hu\/en_gb\/shop\/ogel-nyaklancok\/zold-ogel-fonal-fulbevalo-textil-fulbevalo-textil-ekszer-fonalekszer-pava-ekszer\/","title":{"rendered":"ELKELT Z\u00f6ld OGEL fonal f\u00fclbeval\u00f3, Textil f\u00fclbeval\u00f3, textil \u00e9kszer, fonal\u00e9kszer"},"content":{"rendered":"<p>ELKELT, de k\u00e9rhetsz \u00fajat vagy hasonl\u00f3t<\/p>\n<p>Ezt a k\u00f6ralak\u00fa fonal\u00e9kszert a z\u00f6ld sz\u00edneiben alkottam meg. Garant\u00e1ltan felt\u0171n\u0151, egyedi darab, ha szereted a k\u00fcl\u00f6nleges \u00e9kszereket. \u00c1tm\u00e9r\u0151: 4 cm<\/p>\n<p>Teljes hossz\u00fas\u00e1ga a f\u00fclbeval\u00f3 kamp\u00f3val: 6cm<\/p>\n<p>&nbsp;<\/p>\n<p>\u00c1ra: 5500 Ft<\/p>\n<p>&nbsp;<\/p>","protected":false},"excerpt":{"rendered":"<p>OGEL f\u00fclbeval\u00f3<\/p>","protected":false},"featured_media":5034,"template":"","meta":{"_monsterinsights_skip_tracking":false,"_monsterinsights_sitenote_active":false,"_monsterinsights_sitenote_note":"","_monsterinsights_sitenote_category":0,"kt_blocks_editor_width":""},"product_cat":[1275],"product_tag":[1395,1422],"_links":{"self":[{"href":"https:\/\/textilbogyo.hu\/en_gb\/wp-json\/wp\/v2\/product\/4729"}],"collection":[{"href":"https:\/\/textilbogyo.hu\/en_gb\/wp-json\/wp\/v2\/product"}],"about":[{"href":"https:\/\/textilbogyo.hu\/en_gb\/wp-json\/wp\/v2\/types\/product"}],"wp:featuredmedia":[{"embeddable":true,"href":"https:\/\/textilbogyo.hu\/en_gb\/wp-json\/wp\/v2\/media\/5034"}],"wp:attachment":[{"href":"https:\/\/textilbogyo.hu\/en_gb\/wp-json\/wp\/v2\/media?parent=4729"}],"wp:term":[{"taxonomy":"product_cat","embeddable":true,"href":"https:\/\/textilbogyo.hu\/en_gb\/wp-json\/wp\/v2\/product_cat?post=4729"},{"taxonomy":"product_tag","embeddable":true,"href":"https:\/\/textilbogyo.hu\/en_gb\/wp-json\/wp\/v2\/product_tag?post=4729"}],"curies":[{"name":"wp","href":"https:\/\/api.w.org\/{rel}","templated":true}]}}