{"id":4734,"date":"2025-02-21T14:01:34","date_gmt":"2025-02-21T13:01:34","guid":{"rendered":"https:\/\/textilbogyo.hu\/?post_type=product&#038;p=4734"},"modified":"2026-01-31T21:21:56","modified_gmt":"2026-01-31T20:21:56","slug":"elkelt-dupla-pava-ogel-fonal-fulbevalo-textil-ekszer-fonalekszer-pava-ekszer","status":"publish","type":"product","link":"https:\/\/textilbogyo.hu\/en_gb\/shop\/ogel-nyaklancok\/elkelt-dupla-pava-ogel-fonal-fulbevalo-textil-ekszer-fonalekszer-pava-ekszer\/","title":{"rendered":"ELKELT Dupla P\u00e1va OGEL fonal f\u00fclbeval\u00f3, textil \u00e9kszer, fonal\u00e9kszer, p\u00e1va \u00e9kszer"},"content":{"rendered":"<p>ELKELT, de tudok \u00fajat k\u00e9sz\u00edteni,ha k\u00e9rsz<\/p>\n<p>&nbsp;<\/p>\n<p>Az igaz\u00e1n bev\u00e1llal\u00f3s csajoknak aj\u00e1nlom ezt a mutat\u00f3s, k\u00e9t falencs\u00e9b\u0151l \u00e1ll\u00f3 f\u00fclbeval\u00f3t. Fonal\u00e9kszer Kerek falencs\u00e9k \u00e1tm\u00e9r\u0151je: 4 cm, 3cm Teljes hossz: 7 cm M\u00e1s sz\u00ednekb\u0151l is sz\u00edvesen elk\u00e9sz\u00edtem kedvenc darabodat! Kiv\u00e1l\u00f3 aj\u00e1nd\u00e9k kar\u00e1csonyra, n\u00e9vnapra, sz\u00fclinapra!<\/p>\n<p>\u00c9rdemes \u00f6sszekapcsolnod ezzel a <a href=\"https:\/\/textilbogyo.hu\/en_gb\/shop\/ogel-nyaklancok\/ogel-bib-pava-szinu-fonalnyaklanc-textil-nyaklanc-textil-ekszer-fonalekszer\/\">P\u00e1va OGEL nyakl\u00e1nccal<\/a><\/p>","protected":false},"excerpt":{"rendered":"<p>OGEL f\u00fclbeval\u00f3<\/p>","protected":false},"featured_media":4737,"template":"","meta":{"_monsterinsights_skip_tracking":false,"_monsterinsights_sitenote_active":false,"_monsterinsights_sitenote_note":"","_monsterinsights_sitenote_category":0,"kt_blocks_editor_width":""},"product_cat":[1275],"product_tag":[1395,1422,1389,1400],"_links":{"self":[{"href":"https:\/\/textilbogyo.hu\/en_gb\/wp-json\/wp\/v2\/product\/4734"}],"collection":[{"href":"https:\/\/textilbogyo.hu\/en_gb\/wp-json\/wp\/v2\/product"}],"about":[{"href":"https:\/\/textilbogyo.hu\/en_gb\/wp-json\/wp\/v2\/types\/product"}],"wp:featuredmedia":[{"embeddable":true,"href":"https:\/\/textilbogyo.hu\/en_gb\/wp-json\/wp\/v2\/media\/4737"}],"wp:attachment":[{"href":"https:\/\/textilbogyo.hu\/en_gb\/wp-json\/wp\/v2\/media?parent=4734"}],"wp:term":[{"taxonomy":"product_cat","embeddable":true,"href":"https:\/\/textilbogyo.hu\/en_gb\/wp-json\/wp\/v2\/product_cat?post=4734"},{"taxonomy":"product_tag","embeddable":true,"href":"https:\/\/textilbogyo.hu\/en_gb\/wp-json\/wp\/v2\/product_tag?post=4734"}],"curies":[{"name":"wp","href":"https:\/\/api.w.org\/{rel}","templated":true}]}}