{"id":4739,"date":"2025-02-21T14:15:00","date_gmt":"2025-02-21T13:15:00","guid":{"rendered":"https:\/\/textilbogyo.hu\/?post_type=product&#038;p=4739"},"modified":"2025-11-01T18:11:53","modified_gmt":"2025-11-01T17:11:53","slug":"szivarvany-kerek-fonal-fulbevalo-es-nyaklanc-textil-nyaklanc-textil-ekszer-fonalekszer-szivarvany-ekszer-2","status":"publish","type":"product","link":"https:\/\/textilbogyo.hu\/en_gb\/shop\/ogel-nyaklancok\/szivarvany-kerek-fonal-fulbevalo-es-nyaklanc-textil-nyaklanc-textil-ekszer-fonalekszer-szivarvany-ekszer-2\/","title":{"rendered":"Sziv\u00e1rv\u00e1ny Kerek fonal f\u00fclbeval\u00f3 \u00e9s nyakl\u00e1nc, textil \u00e9kszer, fonal\u00e9kszer, Sziv\u00e1rv\u00e1ny \u00e9kszer"},"content":{"rendered":"<p>&nbsp;<\/p>\n<p>Sziv\u00e1rv\u00e1ny sz\u00edneiben j\u00e1tsz\u00f3 nyakl\u00e1nc f\u00fclbeval\u00f3val.<\/p>\n<p>M\u00e9retek:<\/p>\n<p>F\u00fclbeval\u00f3: 4 cm \u00e1tm\u00e9r\u0151, teljes hossza a f\u00fclbeval\u00f3 v\u00e9ggel 6.5 cm<\/p>\n<p>Nyakl\u00e1nc: s\u00e1rga selyemszalagon kapocs megk\u00f6t\u00e9ssel, 5 cm \u00e1tm\u00e9r\u0151vel<\/p>\n<p>&nbsp;<\/p>","protected":false},"excerpt":{"rendered":"<p>OGEL \u00e9kszerszett<\/p>","protected":false},"featured_media":4740,"template":"","meta":{"_monsterinsights_skip_tracking":false,"_monsterinsights_sitenote_active":false,"_monsterinsights_sitenote_note":"","_monsterinsights_sitenote_category":0,"kt_blocks_editor_width":""},"product_cat":[1275],"product_tag":[1301,1300,1302,1304,1305,1412,1424,1295,1423,1389,1454,1453,1291,1394,1298,1299,1292,1294,827],"_links":{"self":[{"href":"https:\/\/textilbogyo.hu\/en_gb\/wp-json\/wp\/v2\/product\/4739"}],"collection":[{"href":"https:\/\/textilbogyo.hu\/en_gb\/wp-json\/wp\/v2\/product"}],"about":[{"href":"https:\/\/textilbogyo.hu\/en_gb\/wp-json\/wp\/v2\/types\/product"}],"wp:featuredmedia":[{"embeddable":true,"href":"https:\/\/textilbogyo.hu\/en_gb\/wp-json\/wp\/v2\/media\/4740"}],"wp:attachment":[{"href":"https:\/\/textilbogyo.hu\/en_gb\/wp-json\/wp\/v2\/media?parent=4739"}],"wp:term":[{"taxonomy":"product_cat","embeddable":true,"href":"https:\/\/textilbogyo.hu\/en_gb\/wp-json\/wp\/v2\/product_cat?post=4739"},{"taxonomy":"product_tag","embeddable":true,"href":"https:\/\/textilbogyo.hu\/en_gb\/wp-json\/wp\/v2\/product_tag?post=4739"}],"curies":[{"name":"wp","href":"https:\/\/api.w.org\/{rel}","templated":true}]}}