{"id":4744,"date":"2025-02-24T11:22:12","date_gmt":"2025-02-24T10:22:12","guid":{"rendered":"https:\/\/textilbogyo.hu\/?post_type=product&#038;p=4744"},"modified":"2025-09-30T19:28:56","modified_gmt":"2025-09-30T18:28:56","slug":"parazs-textilbogyo-fulbevalo-fonalekszer-textil-fulbevalo-textilekszer","status":"publish","type":"product","link":"https:\/\/textilbogyo.hu\/en_gb\/shop\/textilbogyo-ekszerek\/parazs-textilbogyo-fulbevalo-fonalekszer-textil-fulbevalo-textilekszer\/","title":{"rendered":"PAR\u00c1ZS textilbogy\u00f3 f\u00fclbeval\u00f3, textil f\u00fclbeval\u00f3, textil\u00e9kszer"},"content":{"rendered":"<p>Par\u00e1zsl\u00f3 sz\u00edneket var\u00e1zsoltam ebbe a f\u00fclbeval\u00f3ba. A fels\u0151 goly\u00f3 narancsos-pirosas, m\u00edg az als\u00f3 sz\u00edn\u00e1tmenetes a piros-b\u00e9zs-barna \u00e1rnyalataival. Egy fekete vagy csupa feh\u00e9r \u00f6lt\u00f6z\u00e9ket garant\u00e1ltan feldob.<\/p>\n<p>Teljes hossz: 6 cm<\/p>\n<p>Bogy\u00f3k \u00e1tm\u00e9r\u0151je: 18 mm, 22 mm<\/p>\n<p>M\u00e1s sz\u00ednekb\u0151l is sz\u00edvesen elk\u00e9sz\u00edtem kedvenc darabodat!<\/p>\n<p>V\u00edzben ne haszn\u00e1ld, k\u00e9rlek! Kiv\u00e1l\u00f3 aj\u00e1nd\u00e9k kar\u00e1csonyra, n\u00e9vnapra, sz\u00fclinapra!<\/p>","protected":false},"excerpt":{"rendered":"<p>textilbogy\u00f3 f\u00fclbeval\u00f3<\/p>","protected":false},"featured_media":4746,"template":"","meta":{"_monsterinsights_skip_tracking":false,"_monsterinsights_sitenote_active":false,"_monsterinsights_sitenote_note":"","_monsterinsights_sitenote_category":0,"kt_blocks_editor_width":""},"product_cat":[1195],"product_tag":[1425,1351,1426],"_links":{"self":[{"href":"https:\/\/textilbogyo.hu\/en_gb\/wp-json\/wp\/v2\/product\/4744"}],"collection":[{"href":"https:\/\/textilbogyo.hu\/en_gb\/wp-json\/wp\/v2\/product"}],"about":[{"href":"https:\/\/textilbogyo.hu\/en_gb\/wp-json\/wp\/v2\/types\/product"}],"wp:featuredmedia":[{"embeddable":true,"href":"https:\/\/textilbogyo.hu\/en_gb\/wp-json\/wp\/v2\/media\/4746"}],"wp:attachment":[{"href":"https:\/\/textilbogyo.hu\/en_gb\/wp-json\/wp\/v2\/media?parent=4744"}],"wp:term":[{"taxonomy":"product_cat","embeddable":true,"href":"https:\/\/textilbogyo.hu\/en_gb\/wp-json\/wp\/v2\/product_cat?post=4744"},{"taxonomy":"product_tag","embeddable":true,"href":"https:\/\/textilbogyo.hu\/en_gb\/wp-json\/wp\/v2\/product_tag?post=4744"}],"curies":[{"name":"wp","href":"https:\/\/api.w.org\/{rel}","templated":true}]}}