{"id":4764,"date":"2025-02-24T13:19:32","date_gmt":"2025-02-24T12:19:32","guid":{"rendered":"https:\/\/textilbogyo.hu\/?post_type=product&#038;p=4764"},"modified":"2025-09-30T19:26:06","modified_gmt":"2025-09-30T18:26:06","slug":"early-bird-textilbogyo-fulbevalo-textil-fulbevalo-textilekszer","status":"publish","type":"product","link":"https:\/\/textilbogyo.hu\/en_gb\/shop\/textilbogyo-ekszerek\/early-bird-textilbogyo-fulbevalo-textil-fulbevalo-textilekszer\/","title":{"rendered":"EARLY BIRD textilbogy\u00f3 f\u00fclbeval\u00f3, textil f\u00fclbeval\u00f3, textil\u00e9kszer"},"content":{"rendered":"<p>Nagy kedvenceim ezek a sz\u00ednek. A t\u00fcrkiz sz\u00edn\u00e9t p\u00e1ros\u00edtottam a z\u00f6ld \u00e1rnyalataival k\u00e9sz\u00edtettem el ezt a textilbogy\u00f3 f\u00fclbeval\u00f3t k\u00e9t bogy\u00f3val, mely finoms\u00e1got \u00e1raszt\u00f3 kieg\u00e9sz\u00edt\u0151je lehet megjelen\u00e9sednek.<\/p>\n<p>Teljes hossz: 6 cm<\/p>\n<p>Bogy\u00f3k \u00e1tm\u00e9r\u0151je: 18 mm, 22 mm<\/p>\n<p>M\u00e1s sz\u00ednekb\u0151l is sz\u00edvesen elk\u00e9sz\u00edtem kedvenc darabodat!V\u00edzben ne haszn\u00e1ld, k\u00e9rlek! Kiv\u00e1l\u00f3 aj\u00e1nd\u00e9k kar\u00e1csonyra, n\u00e9vnapra, sz\u00fclinapra!<\/p>","protected":false},"excerpt":{"rendered":"<p>textilbogy\u00f3 f\u00fclbeval\u00f3<\/p>","protected":false},"featured_media":4765,"template":"","meta":{"_monsterinsights_skip_tracking":false,"_monsterinsights_sitenote_active":false,"_monsterinsights_sitenote_note":"","_monsterinsights_sitenote_category":0,"kt_blocks_editor_width":""},"product_cat":[1195],"product_tag":[1425,1351,1426],"_links":{"self":[{"href":"https:\/\/textilbogyo.hu\/en_gb\/wp-json\/wp\/v2\/product\/4764"}],"collection":[{"href":"https:\/\/textilbogyo.hu\/en_gb\/wp-json\/wp\/v2\/product"}],"about":[{"href":"https:\/\/textilbogyo.hu\/en_gb\/wp-json\/wp\/v2\/types\/product"}],"wp:featuredmedia":[{"embeddable":true,"href":"https:\/\/textilbogyo.hu\/en_gb\/wp-json\/wp\/v2\/media\/4765"}],"wp:attachment":[{"href":"https:\/\/textilbogyo.hu\/en_gb\/wp-json\/wp\/v2\/media?parent=4764"}],"wp:term":[{"taxonomy":"product_cat","embeddable":true,"href":"https:\/\/textilbogyo.hu\/en_gb\/wp-json\/wp\/v2\/product_cat?post=4764"},{"taxonomy":"product_tag","embeddable":true,"href":"https:\/\/textilbogyo.hu\/en_gb\/wp-json\/wp\/v2\/product_tag?post=4764"}],"curies":[{"name":"wp","href":"https:\/\/api.w.org\/{rel}","templated":true}]}}