{"id":4778,"date":"2025-02-24T15:06:36","date_gmt":"2025-02-24T14:06:36","guid":{"rendered":"https:\/\/textilbogyo.hu\/?post_type=product&#038;p=4778"},"modified":"2026-01-31T21:09:15","modified_gmt":"2026-01-31T20:09:15","slug":"eden-textilbogyo-fulbevalo-textil-fulbevalo-textilekszer","status":"publish","type":"product","link":"https:\/\/textilbogyo.hu\/en_gb\/shop\/most-wanted\/eden-textilbogyo-fulbevalo-textil-fulbevalo-textilekszer\/","title":{"rendered":"Z\u00d6LD P\u00c1ZSIT textilbogy\u00f3 f\u00fclbeval\u00f3, textil f\u00fclbeval\u00f3, textil\u00e9kszer"},"content":{"rendered":"<p>ELKELT, k\u00e9rhetsz \u00fajat<\/p>\n<p>&nbsp;<\/p>\n<p>Keki sz\u00ednb\u0151l k\u00e9sz\u00fclt ez a textilbogy\u00f3 f\u00fclbeval\u00f3. Egyszer\u0171, m\u00e9gis nagyszer\u0171en \u00f6lt\u00f6ztet.<\/p>\n<p>Teljes hossz: 4.5 cm<\/p>\n<p>Bogy\u00f3k \u00e1tm\u00e9r\u0151je: 20 mm<\/p>\n<p>M\u00e1s sz\u00ednekb\u0151l is sz\u00edvesen elk\u00e9sz\u00edtem kedvenc darabodat! V\u00edzben ne haszn\u00e1ld, k\u00e9rlek! Kiv\u00e1l\u00f3 aj\u00e1nd\u00e9k kar\u00e1csonyra, n\u00e9vnapra, sz\u00fclinapra!<\/p>","protected":false},"excerpt":{"rendered":"<p>textilbogy\u00f3\u00a0 f\u00fclbeval\u00f3<\/p>","protected":false},"featured_media":4788,"template":"","meta":{"_monsterinsights_skip_tracking":false,"_monsterinsights_sitenote_active":false,"_monsterinsights_sitenote_note":"","_monsterinsights_sitenote_category":0,"kt_blocks_editor_width":""},"product_cat":[1195,18],"product_tag":[1425,1351,1426],"_links":{"self":[{"href":"https:\/\/textilbogyo.hu\/en_gb\/wp-json\/wp\/v2\/product\/4778"}],"collection":[{"href":"https:\/\/textilbogyo.hu\/en_gb\/wp-json\/wp\/v2\/product"}],"about":[{"href":"https:\/\/textilbogyo.hu\/en_gb\/wp-json\/wp\/v2\/types\/product"}],"wp:featuredmedia":[{"embeddable":true,"href":"https:\/\/textilbogyo.hu\/en_gb\/wp-json\/wp\/v2\/media\/4788"}],"wp:attachment":[{"href":"https:\/\/textilbogyo.hu\/en_gb\/wp-json\/wp\/v2\/media?parent=4778"}],"wp:term":[{"taxonomy":"product_cat","embeddable":true,"href":"https:\/\/textilbogyo.hu\/en_gb\/wp-json\/wp\/v2\/product_cat?post=4778"},{"taxonomy":"product_tag","embeddable":true,"href":"https:\/\/textilbogyo.hu\/en_gb\/wp-json\/wp\/v2\/product_tag?post=4778"}],"curies":[{"name":"wp","href":"https:\/\/api.w.org\/{rel}","templated":true}]}}