{"id":4796,"date":"2025-02-24T21:19:50","date_gmt":"2025-02-24T20:19:50","guid":{"rendered":"https:\/\/textilbogyo.hu\/?post_type=product&#038;p=4796"},"modified":"2025-10-12T16:12:37","modified_gmt":"2025-10-12T15:12:37","slug":"zold-barsony-textilbogyo-fulbevalo-fonalekszer-textil-fulbevalo-textilekszer","status":"publish","type":"product","link":"https:\/\/textilbogyo.hu\/en_gb\/shop\/textilbogyo-ekszerek\/zold-barsony-textilbogyo-fulbevalo-fonalekszer-textil-fulbevalo-textilekszer\/","title":{"rendered":"Z\u00d6LD B\u00c1RSONY textilbogy\u00f3 f\u00fclbeval\u00f3, fonal\u00e9kszer, textil f\u00fclbeval\u00f3"},"content":{"rendered":"<p>A z\u00f6ld legk\u00fcl\u00f6nb\u00f6z\u0151bb sz\u00edneit v\u00e1logattam ebbe a hossz\u00fa f\u00fclbeval\u00f3ba. Ezzel a f\u00fclbeval\u00f3val garant\u00e1ltan nem tudsz elb\u00fajni a t\u00f6megben. Azoknak aj\u00e1nlom, akik szeretik a mer\u00e9sz dolgokat.<\/p>\n<p>Teljes hossz: 9.5 cm<\/p>\n<p>Bogy\u00f3k \u00e1tm\u00e9r\u0151je: 20 mm, 18 mm, 15 mm, 8mm<\/p>\n<p>M\u00e1s sz\u00ednekb\u0151l is sz\u00edvesen elk\u00e9sz\u00edtem kedvenc darabodat! V\u00edzben ne haszn\u00e1ld, k\u00e9rlek! Kiv\u00e1l\u00f3 aj\u00e1nd\u00e9k kar\u00e1csonyra, n\u00e9vnapra, sz\u00fclinapra!<\/p>","protected":false},"excerpt":{"rendered":"<p>textilbogy\u00f3 nyakl\u00e1nc<\/p>","protected":false},"featured_media":4797,"template":"","meta":{"_monsterinsights_skip_tracking":false,"_monsterinsights_sitenote_active":false,"_monsterinsights_sitenote_note":"","_monsterinsights_sitenote_category":0,"kt_blocks_editor_width":""},"product_cat":[1195],"product_tag":[1425,1351,1426],"_links":{"self":[{"href":"https:\/\/textilbogyo.hu\/en_gb\/wp-json\/wp\/v2\/product\/4796"}],"collection":[{"href":"https:\/\/textilbogyo.hu\/en_gb\/wp-json\/wp\/v2\/product"}],"about":[{"href":"https:\/\/textilbogyo.hu\/en_gb\/wp-json\/wp\/v2\/types\/product"}],"wp:featuredmedia":[{"embeddable":true,"href":"https:\/\/textilbogyo.hu\/en_gb\/wp-json\/wp\/v2\/media\/4797"}],"wp:attachment":[{"href":"https:\/\/textilbogyo.hu\/en_gb\/wp-json\/wp\/v2\/media?parent=4796"}],"wp:term":[{"taxonomy":"product_cat","embeddable":true,"href":"https:\/\/textilbogyo.hu\/en_gb\/wp-json\/wp\/v2\/product_cat?post=4796"},{"taxonomy":"product_tag","embeddable":true,"href":"https:\/\/textilbogyo.hu\/en_gb\/wp-json\/wp\/v2\/product_tag?post=4796"}],"curies":[{"name":"wp","href":"https:\/\/api.w.org\/{rel}","templated":true}]}}