{"id":4804,"date":"2025-02-24T21:22:43","date_gmt":"2025-02-24T20:22:43","guid":{"rendered":"https:\/\/textilbogyo.hu\/?post_type=product&#038;p=4804"},"modified":"2025-10-12T16:15:38","modified_gmt":"2025-10-12T15:15:38","slug":"selyemut-textilbogyo-fulbevalo-fonalekszer-textil-fulbevalo","status":"publish","type":"product","link":"https:\/\/textilbogyo.hu\/en_gb\/shop\/textilbogyo-ekszerek\/selyemut-textilbogyo-fulbevalo-fonalekszer-textil-fulbevalo\/","title":{"rendered":"SELYEM\u00daT textilbogy\u00f3 f\u00fclbeval\u00f3, fonal\u00e9kszer, textil f\u00fclbeval\u00f3"},"content":{"rendered":"<p>K\u00fcl\u00f6nleges, igaz\u00e1n finom selyemfonalb\u00f3l k\u00e9sz\u00fclt textilbogy\u00f3 cs\u00edkos f\u00fclbeval\u00f3. Ezzel a f\u00fclbeval\u00f3val garant\u00e1lt sikered lesz. Azoknak aj\u00e1nlom, akik szeretik a mer\u00e9sz dolgokat.<\/p>\n<p>Teljes hossz: 9.5 cm<\/p>\n<p>Bogy\u00f3k \u00e1tm\u00e9r\u0151je: 20 mm, 18 mm, 15 mm, 8mm<\/p>\n<p>M\u00e1s sz\u00ednekb\u0151l is sz\u00edvesen elk\u00e9sz\u00edtem kedvenc darabodat! V\u00edzben ne haszn\u00e1ld, k\u00e9rlek! Kiv\u00e1l\u00f3 aj\u00e1nd\u00e9k kar\u00e1csonyra, n\u00e9vnapra, sz\u00fclinapra!<\/p>","protected":false},"excerpt":{"rendered":"<p>textilbogy\u00f3 f\u00fclbeval\u00f3<\/p>\n<p>&nbsp;<\/p>","protected":false},"featured_media":4805,"template":"","meta":{"_monsterinsights_skip_tracking":false,"_monsterinsights_sitenote_active":false,"_monsterinsights_sitenote_note":"","_monsterinsights_sitenote_category":0,"kt_blocks_editor_width":""},"product_cat":[1195],"product_tag":[1425,1351,1426],"_links":{"self":[{"href":"https:\/\/textilbogyo.hu\/en_gb\/wp-json\/wp\/v2\/product\/4804"}],"collection":[{"href":"https:\/\/textilbogyo.hu\/en_gb\/wp-json\/wp\/v2\/product"}],"about":[{"href":"https:\/\/textilbogyo.hu\/en_gb\/wp-json\/wp\/v2\/types\/product"}],"wp:featuredmedia":[{"embeddable":true,"href":"https:\/\/textilbogyo.hu\/en_gb\/wp-json\/wp\/v2\/media\/4805"}],"wp:attachment":[{"href":"https:\/\/textilbogyo.hu\/en_gb\/wp-json\/wp\/v2\/media?parent=4804"}],"wp:term":[{"taxonomy":"product_cat","embeddable":true,"href":"https:\/\/textilbogyo.hu\/en_gb\/wp-json\/wp\/v2\/product_cat?post=4804"},{"taxonomy":"product_tag","embeddable":true,"href":"https:\/\/textilbogyo.hu\/en_gb\/wp-json\/wp\/v2\/product_tag?post=4804"}],"curies":[{"name":"wp","href":"https:\/\/api.w.org\/{rel}","templated":true}]}}