{"id":4821,"date":"2025-02-25T07:30:06","date_gmt":"2025-02-25T06:30:06","guid":{"rendered":"https:\/\/textilbogyo.hu\/?post_type=product&#038;p=4821"},"modified":"2025-09-30T13:28:27","modified_gmt":"2025-09-30T12:28:27","slug":"viragos-cseppalaku-fulbevalo-es-nyaklanc-szett-viragos-faekszerek-csepp","status":"publish","type":"product","link":"https:\/\/textilbogyo.hu\/en_gb\/shop\/fa-ekszerek\/viragos-cseppalaku-fulbevalo-es-nyaklanc-szett-viragos-faekszerek-csepp\/","title":{"rendered":"Vir\u00e1gos cseppalak\u00fa f\u00fclbeval\u00f3 \u00e9s nyakl\u00e1nc szett, vir\u00e1gos fa\u00e9kszerek, csepp"},"content":{"rendered":"<p>Csepp alak\u00fa faalapra k\u00e9sz\u00fclt narancsos alapon vir\u00e1gos f\u00fclbeval\u00f3 \u00e9s nyakl\u00e1nc . A faalap k\u0151ris f\u00e1b\u00f3l k\u00e9sz\u00fclt. Egyedi darab. T\u00f6bb darabot is el tudok k\u00e9sz\u00edteni rendel\u00e9sre m\u00e1s sz\u00ednvil\u00e1gban is . Azoknak aj\u00e1nlom, akik az \u00e9l\u00e9nkebb sz\u00edneket kedvelik. K\u00f6nny\u0171 viselet.<\/p>\n<p>M\u00e9rete: F\u00fclbeval\u00f3 teljes hossza: 5.5 cm<\/p>\n<p>Facsepp m\u00e9rete: 3.2 cm x 2.4 cm<\/p>\n<p>&nbsp;<\/p>\n<p>A nyakl\u00e1nc selyemszalaggal k\u00e9sz\u00fclt, s\u00e1rga \u00e9s narancss\u00e1rga sz\u00ednekb\u0151l, b\u00e1rhol megk\u00f6theted<\/p>\n<p>Facsepp hossza: 6.4 cm<\/p>\n<p>facsepp legnagyobb sz\u00e9less\u00e9ge 4.5 cm<\/p>\n<p>Nyakl\u00e1nc k\u00fcl\u00f6n: 4500 Ft<\/p>\n<p>F\u00fclbeval\u00f3 k\u00fcl\u00f6n: 4500 Ft<\/p>","protected":false},"excerpt":{"rendered":"<p>Cseppalak\u00fa fa\u00e9kszer szett<\/p>","protected":false},"featured_media":4822,"template":"","meta":{"_monsterinsights_skip_tracking":false,"_monsterinsights_sitenote_active":false,"_monsterinsights_sitenote_note":"","_monsterinsights_sitenote_category":0,"kt_blocks_editor_width":""},"product_cat":[749],"product_tag":[1302,1419,1407,1417,1295,1415,1416,1299,1296,1418,1303],"_links":{"self":[{"href":"https:\/\/textilbogyo.hu\/en_gb\/wp-json\/wp\/v2\/product\/4821"}],"collection":[{"href":"https:\/\/textilbogyo.hu\/en_gb\/wp-json\/wp\/v2\/product"}],"about":[{"href":"https:\/\/textilbogyo.hu\/en_gb\/wp-json\/wp\/v2\/types\/product"}],"wp:featuredmedia":[{"embeddable":true,"href":"https:\/\/textilbogyo.hu\/en_gb\/wp-json\/wp\/v2\/media\/4822"}],"wp:attachment":[{"href":"https:\/\/textilbogyo.hu\/en_gb\/wp-json\/wp\/v2\/media?parent=4821"}],"wp:term":[{"taxonomy":"product_cat","embeddable":true,"href":"https:\/\/textilbogyo.hu\/en_gb\/wp-json\/wp\/v2\/product_cat?post=4821"},{"taxonomy":"product_tag","embeddable":true,"href":"https:\/\/textilbogyo.hu\/en_gb\/wp-json\/wp\/v2\/product_tag?post=4821"}],"curies":[{"name":"wp","href":"https:\/\/api.w.org\/{rel}","templated":true}]}}