{"id":4866,"date":"2025-02-25T18:29:24","date_gmt":"2025-02-25T17:29:24","guid":{"rendered":"https:\/\/textilbogyo.hu\/?post_type=product&#038;p=4866"},"modified":"2025-10-12T16:08:48","modified_gmt":"2025-10-12T15:08:48","slug":"rulett-textilbogyo-fulbevalo-fonalekszer-textil-fulbevalo","status":"publish","type":"product","link":"https:\/\/textilbogyo.hu\/en_gb\/shop\/textilbogyo-ekszerek\/rulett-textilbogyo-fulbevalo-fonalekszer-textil-fulbevalo\/","title":{"rendered":"RULETT textilbogy\u00f3 f\u00fclbeval\u00f3, fonal\u00e9kszer, textil f\u00fclbeval\u00f3"},"content":{"rendered":"<p>A rulett sz\u00edneiben j\u00e1tsz\u00f3 textilbogy\u00f3 f\u00fclbeval\u00f3 k\u00e9t bogy\u00f3val, mely m\u00e9g ak\u00e1r szerencs\u00e9t is hozhat j\u00e1t\u00e9kos lelk\u00fclet\u0171 visel\u0151j\u00e9nek a mindennapjainkban.<\/p>\n<p>Teljes hossz: 5 cm<\/p>\n<p>Bogy\u00f3k \u00e1tm\u00e9r\u0151je: 15 mm, 12 mm<\/p>\n<p>M\u00e1s sz\u00ednekb\u0151l is sz\u00edvesen elk\u00e9sz\u00edtem kedvenc darabodat! Kiv\u00e1l\u00f3 aj\u00e1nd\u00e9k kar\u00e1csonyra, n\u00e9vnapra, sz\u00fclinapra!<\/p>","protected":false},"excerpt":{"rendered":"<p>piros-fekete textilbogy\u00f3 f\u00fclbeval\u00f3<\/p>","protected":false},"featured_media":4870,"template":"","meta":{"_monsterinsights_skip_tracking":false,"_monsterinsights_sitenote_active":false,"_monsterinsights_sitenote_note":"","_monsterinsights_sitenote_category":0,"kt_blocks_editor_width":""},"product_cat":[1195],"product_tag":[1425,1490,1362,1351,1426],"_links":{"self":[{"href":"https:\/\/textilbogyo.hu\/en_gb\/wp-json\/wp\/v2\/product\/4866"}],"collection":[{"href":"https:\/\/textilbogyo.hu\/en_gb\/wp-json\/wp\/v2\/product"}],"about":[{"href":"https:\/\/textilbogyo.hu\/en_gb\/wp-json\/wp\/v2\/types\/product"}],"wp:featuredmedia":[{"embeddable":true,"href":"https:\/\/textilbogyo.hu\/en_gb\/wp-json\/wp\/v2\/media\/4870"}],"wp:attachment":[{"href":"https:\/\/textilbogyo.hu\/en_gb\/wp-json\/wp\/v2\/media?parent=4866"}],"wp:term":[{"taxonomy":"product_cat","embeddable":true,"href":"https:\/\/textilbogyo.hu\/en_gb\/wp-json\/wp\/v2\/product_cat?post=4866"},{"taxonomy":"product_tag","embeddable":true,"href":"https:\/\/textilbogyo.hu\/en_gb\/wp-json\/wp\/v2\/product_tag?post=4866"}],"curies":[{"name":"wp","href":"https:\/\/api.w.org\/{rel}","templated":true}]}}