{"id":4892,"date":"2025-02-25T19:34:49","date_gmt":"2025-02-25T18:34:49","guid":{"rendered":"https:\/\/textilbogyo.hu\/?post_type=product&#038;p=4892"},"modified":"2025-10-12T16:06:12","modified_gmt":"2025-10-12T15:06:12","slug":"purple-rain-textilbogyo-fulbevalo-fonalekszer-textil-fulbevalo","status":"publish","type":"product","link":"https:\/\/textilbogyo.hu\/en_gb\/shop\/textilbogyo-ekszerek\/purple-rain-textilbogyo-fulbevalo-fonalekszer-textil-fulbevalo\/","title":{"rendered":"PURPLE RAIN textilbogy\u00f3 f\u00fclbeval\u00f3, fonal\u00e9kszer, textil f\u00fclbeval\u00f3"},"content":{"rendered":"<p>Legkedvesebb \u00e9kszereim k\u00f6z\u00e9 tartoznak a fonal\u00e9kszerek, melyeket pap\u00edrmas\u00e9ra k\u00e9sz\u00edtek el, \u00edgy nagyon k\u00f6nny\u0171 viseletet jelentenek. Selyemfonalb\u00f3l k\u00e9sz\u00fclt darab. Ezt a darabot lila \u00e9s kevert sz\u00ednes fonalb\u00f3l k\u00e9sz\u00edtettem el.<\/p>\n<p>T\u00f6bb darabot is el tudok k\u00e9sz\u00edteni rendel\u00e9sre m\u00e1s sz\u00ednvil\u00e1gban is. Ha szereted a k\u00fcl\u00f6nleges, nem mindennapi \u00e9kszereket, akkor ez a te darabod. K\u00f6nny\u0171 viselet.<\/p>\n<p>F\u00fclbeval\u00f3 teljes hossza: 5.5 cm<\/p>\n<p>Bogy\u00f3k m\u00e9rete: fel\u00fcl: 20 mm, 15 mm<\/p>","protected":false},"excerpt":{"rendered":"<p>textilbogy\u00f3 f\u00fclbeval\u00f3<\/p>","protected":false},"featured_media":4895,"template":"","meta":{"_monsterinsights_skip_tracking":false,"_monsterinsights_sitenote_active":false,"_monsterinsights_sitenote_note":"","_monsterinsights_sitenote_category":0,"kt_blocks_editor_width":""},"product_cat":[1195],"product_tag":[1425,1350,1351,1426],"_links":{"self":[{"href":"https:\/\/textilbogyo.hu\/en_gb\/wp-json\/wp\/v2\/product\/4892"}],"collection":[{"href":"https:\/\/textilbogyo.hu\/en_gb\/wp-json\/wp\/v2\/product"}],"about":[{"href":"https:\/\/textilbogyo.hu\/en_gb\/wp-json\/wp\/v2\/types\/product"}],"wp:featuredmedia":[{"embeddable":true,"href":"https:\/\/textilbogyo.hu\/en_gb\/wp-json\/wp\/v2\/media\/4895"}],"wp:attachment":[{"href":"https:\/\/textilbogyo.hu\/en_gb\/wp-json\/wp\/v2\/media?parent=4892"}],"wp:term":[{"taxonomy":"product_cat","embeddable":true,"href":"https:\/\/textilbogyo.hu\/en_gb\/wp-json\/wp\/v2\/product_cat?post=4892"},{"taxonomy":"product_tag","embeddable":true,"href":"https:\/\/textilbogyo.hu\/en_gb\/wp-json\/wp\/v2\/product_tag?post=4892"}],"curies":[{"name":"wp","href":"https:\/\/api.w.org\/{rel}","templated":true}]}}