{"id":4944,"date":"2025-02-26T11:23:12","date_gmt":"2025-02-26T10:23:12","guid":{"rendered":"https:\/\/textilbogyo.hu\/?post_type=product&#038;p=4944"},"modified":"2025-09-30T12:19:38","modified_gmt":"2025-09-30T11:19:38","slug":"elkelt-ogel-narancs-21-karkoto-es-salgyuru-textil-karkoto-es-salgyuru-textilekszer","status":"publish","type":"product","link":"https:\/\/textilbogyo.hu\/en_gb\/shop\/ogel-nyaklancok\/elkelt-ogel-narancs-21-karkoto-es-salgyuru-textil-karkoto-es-salgyuru-textilekszer\/","title":{"rendered":"ELKELT OGEL Narancs 2:1 kark\u00f6t\u0151 \u00e9s s\u00e1lgy\u0171r\u0171, textil kark\u00f6t\u0151 \u00e9s s\u00e1lgy\u0171r\u0171, textil\u00e9kszer"},"content":{"rendered":"<p>ELKELT<\/p>\n<p>K\u00e9rhetsz \u00fajat vagy hasonl\u00f3t.<\/p>\n<p>OGEL 2:1-ben,mely azt jelenti,hogy ezt az alkot\u00e1st haszn\u00e1lhatod kark\u00f6t\u0151k\u00e9nt vagy s\u00e1lgy\u0171r\u0171k\u00e9nt is. Ahogy \u00e9ppen kedved, st\u00edlusod vagy \u00f6lt\u00f6z\u00e9ked k\u00edv\u00e1nja.<\/p>\n<p>A mutat\u00f3s kerek dombor\u00fa fonallal k\u00f6rbevett falencse faalapba ker\u00fclt,\u00a0 melyet hozz\u00e1varrtam sz\u00e9les selyemszalaghoz. Hajl\u00edthat\u00f3, \u00e1ll\u00edthat\u00f3, hiszen a hajl\u00edthat\u00f3s\u00e1g\u00e1t s\u00e1rgar\u00e9z lemez adja, ezt vontam be narancssz\u00edn\u0171 selyemszalaggal. Nagyon praktikus darab<\/p>\n<p>&nbsp;<\/p>\n<p>6000 Ft<\/p>","protected":false},"excerpt":{"rendered":"<p>OGEL kark\u00f6t\u0151 \u00e9s s\u00e1lgy\u0171r\u0171<\/p>","protected":false},"featured_media":4951,"template":"","meta":{"_monsterinsights_skip_tracking":false,"_monsterinsights_sitenote_active":false,"_monsterinsights_sitenote_note":"","_monsterinsights_sitenote_category":0,"kt_blocks_editor_width":""},"product_cat":[1275],"product_tag":[1429,1393,1395,1428,1427],"_links":{"self":[{"href":"https:\/\/textilbogyo.hu\/en_gb\/wp-json\/wp\/v2\/product\/4944"}],"collection":[{"href":"https:\/\/textilbogyo.hu\/en_gb\/wp-json\/wp\/v2\/product"}],"about":[{"href":"https:\/\/textilbogyo.hu\/en_gb\/wp-json\/wp\/v2\/types\/product"}],"wp:featuredmedia":[{"embeddable":true,"href":"https:\/\/textilbogyo.hu\/en_gb\/wp-json\/wp\/v2\/media\/4951"}],"wp:attachment":[{"href":"https:\/\/textilbogyo.hu\/en_gb\/wp-json\/wp\/v2\/media?parent=4944"}],"wp:term":[{"taxonomy":"product_cat","embeddable":true,"href":"https:\/\/textilbogyo.hu\/en_gb\/wp-json\/wp\/v2\/product_cat?post=4944"},{"taxonomy":"product_tag","embeddable":true,"href":"https:\/\/textilbogyo.hu\/en_gb\/wp-json\/wp\/v2\/product_tag?post=4944"}],"curies":[{"name":"wp","href":"https:\/\/api.w.org\/{rel}","templated":true}]}}