{"id":5104,"date":"2025-05-28T17:42:06","date_gmt":"2025-05-28T16:42:06","guid":{"rendered":"https:\/\/textilbogyo.hu\/?post_type=product&#038;p=5104"},"modified":"2025-09-30T12:07:07","modified_gmt":"2025-09-30T11:07:07","slug":"himzett-lila-levendulas-megkotos-ogel-ov-szeles-dekorativ-ov","status":"publish","type":"product","link":"https:\/\/textilbogyo.hu\/en_gb\/shop\/ovek\/himzett-lila-levendulas-megkotos-ogel-ov-szeles-dekorativ-ov\/","title":{"rendered":"H\u00edmzett lila levendul\u00e1s megk\u00f6t\u0151s OGEL \u00f6v, sz\u00e9les dekorat\u00edv \u00f6v"},"content":{"rendered":"<div style=\"width: 404px;\" class=\"wp-video\"><!--[if lt IE 9]><script>document.createElement('video');<\/script><![endif]-->\n<video class=\"wp-video-shortcode\" id=\"video-5104-1\" width=\"404\" height=\"720\" preload=\"metadata\" controls=\"controls\"><source type=\"video\/mp4\" src=\"https:\/\/textilbogyo.hu\/wp-content\/uploads\/VID_20250529_122752_compressed.mp4?_=1\" \/><a href=\"https:\/\/textilbogyo.hu\/wp-content\/uploads\/VID_20250529_122752_compressed.mp4\">https:\/\/textilbogyo.hu\/wp-content\/uploads\/VID_20250529_122752_compressed.mp4<\/a><\/video><\/div>\n<p>Emeld ki a derekad Textilbogy\u00f3 st\u00edlusos, sz\u00ednes OGEL der\u00e9kd\u00edsszel!<\/p>\n<p>H\u00edmzett OGEL megk\u00f6t\u0151s \u00f6v, mely &#8211; megl\u00e1tod- rabul ejti majd a R\u00e1d fordul\u00f3 tekinteteket.<\/p>\n<p>K\u00f6z\u00e9pen 7.5 cm falencs\u00e9re felh\u00fazott h\u00edmzett r\u00e9sz tal\u00e1lhat\u00f3, melyet egy 5 cm min\u0151s\u00e9gi gumib\u00f3l \u00e9s selyemszalaggal k\u00e9sz\u00edtettem, b\u00e1rhol megk\u00f6theted a derekadon.<\/p>\n<p>Ez az \u00f6v st\u00edlusosan feldobja nemcsak a mindennapi szerk\u00f3dat, de ak\u00e1r \u00fcnnep\u00e9lyess\u00e9 teheti a sz\u00fcrke, fekete, egysz\u00edn\u0171 viseletet is.<\/p>\n<p>M\u00e9rete: hossza: 162 cm , \u00f6v sz\u00e9less\u00e9ge 5 cm , k\u00f6z\u00e9pen a falencse 7.5 cm<\/p>\n<p>A gumis r\u00e9sz 81 cm, ez\u00e9rt annak aj\u00e1nlom ezt a darabot akinek a der\u00e9kb\u0151s\u00e9ge legal\u00e1bb 81-91 cm k\u00f6z\u00f6tt van. A gumit nem lehet megk\u00f6tni, csak a v\u00e9g\u00e9n tal\u00e1lhat\u00f3 selyemszalagot, vagyis akkor j\u00f3 ez az \u00f6vm\u00e9ret sz\u00e1modra, ha a derekadat k\u00f6rbe\u00e9ri teljesen vagy h\u00e1romnegyed r\u00e9szig a gumis r\u00e9sz (81 cm), 10 cm-t m\u00e9g ny\u00falik a gumis r\u00e9sz.<\/p>\n<p>&nbsp;<\/p>\n<p>Az OGEL term\u00e9kek nem csup\u00e1n \u00e9kszerek \u00e9s kieg\u00e9sz\u00edt\u0151k, j\u00f3val m\u00e9lyebb spiritu\u00e1lis tartalommal b\u00edrnak.<\/p>\n<p><em>Minden \u0151si kult\u00fara \u00e9s minden term\u00e9szeti n\u00e9pcsoport az univerzumot egys\u00e9gnek, k\u00f6rnek k\u00e9pzelte el. A teremt\u0151 v\u00e9gtelen k\u00f6r\u00e9b\u0151l keletkezett \u00e9s \u00e1ll \u00f6ssze a vil\u00e1g.\u00a0 A k\u00f6r l\u00e9nyeg\u00e9ben a v\u00e1ltoz\u00f3 mozg\u00e1st lek\u00e9pez\u0151 spir\u00e1l egy fordulat\u00e1t jelk\u00e9pezi. Ezt a v\u00e1ltoz\u00f3 mozg\u00e1st szimboliz\u00e1lj\u00e1k az OGEL k\u00f6ralak\u00fa kieg\u00e9sz\u00edt\u0151im, \u00e9kszereim is. <\/em><br \/>\n<em>A k\u00f6r a teljess\u00e9g, t\u00f6k\u00e9letess\u00e9g, harm\u00f3nia jele. Az \u00e9ltet\u0151 melegs\u00e9get \u00e9s f\u00e9nyt, a Napot is szimboliz\u00e1lja. Nem v\u00e9letlen\u00fcl k\u00e9sz\u00fclnek az OGEL \u00e9kszerek \u00e9s kieg\u00e9sz\u00edt\u0151k vid\u00e1m, sz\u00ednes, pozit\u00edv er\u0151ket sug\u00e1rz\u00f3 sz\u00ednekben.<\/em><\/p>\n<p>Az aur\u00e1dnak ragyog\u00e1st ad, energiarezg\u00e9sedet n\u00f6veli \u00e9s pozit\u00edv t\u00f6ltetet ad az OGEL sz\u00ednvil\u00e1g.<\/p>\n<p><strong>L\u00e9gy egys\u00e9gben \u00d6nmagaddal \u00e1ltala!<\/strong><\/p>\n<p>&nbsp;<\/p>\n","protected":false},"excerpt":{"rendered":"<p>OGEL h\u00edmzett \u00f6v<\/p>","protected":false},"featured_media":5107,"template":"","meta":{"_monsterinsights_skip_tracking":false,"_monsterinsights_sitenote_active":false,"_monsterinsights_sitenote_note":"","_monsterinsights_sitenote_category":0,"kt_blocks_editor_width":""},"product_cat":[1443],"product_tag":[1444,1478,1445,1446,1447,1476],"_links":{"self":[{"href":"https:\/\/textilbogyo.hu\/en_gb\/wp-json\/wp\/v2\/product\/5104"}],"collection":[{"href":"https:\/\/textilbogyo.hu\/en_gb\/wp-json\/wp\/v2\/product"}],"about":[{"href":"https:\/\/textilbogyo.hu\/en_gb\/wp-json\/wp\/v2\/types\/product"}],"wp:featuredmedia":[{"embeddable":true,"href":"https:\/\/textilbogyo.hu\/en_gb\/wp-json\/wp\/v2\/media\/5107"}],"wp:attachment":[{"href":"https:\/\/textilbogyo.hu\/en_gb\/wp-json\/wp\/v2\/media?parent=5104"}],"wp:term":[{"taxonomy":"product_cat","embeddable":true,"href":"https:\/\/textilbogyo.hu\/en_gb\/wp-json\/wp\/v2\/product_cat?post=5104"},{"taxonomy":"product_tag","embeddable":true,"href":"https:\/\/textilbogyo.hu\/en_gb\/wp-json\/wp\/v2\/product_tag?post=5104"}],"curies":[{"name":"wp","href":"https:\/\/api.w.org\/{rel}","templated":true}]}}