{"id":5201,"date":"2025-05-29T15:49:57","date_gmt":"2025-05-29T14:49:57","guid":{"rendered":"https:\/\/textilbogyo.hu\/?post_type=product&#038;p=5201"},"modified":"2025-10-02T11:25:21","modified_gmt":"2025-10-02T10:25:21","slug":"zold-lila-ogel-szett-ovvel-nyaklanccal-es-fulbevaloval","status":"publish","type":"product","link":"https:\/\/textilbogyo.hu\/en_gb\/shop\/ovek\/zold-lila-ogel-szett-ovvel-nyaklanccal-es-fulbevaloval\/","title":{"rendered":"Z\u00f6ld-lila OGEL szett \u00f6vvel, nyakl\u00e1nccal \u00e9s f\u00fclbeval\u00f3val"},"content":{"rendered":"<p>Emeld ki a derekad Textilbogy\u00f3 st\u00edlusos, sz\u00ednes OGEL der\u00e9kd\u00edsz\u00e9vel, arcodat finom vonalait ezzel a pomp\u00e1s f\u00fclbeval\u00f3val \u00e9s nyakadat a szemeket vonz\u00f3 OGEL nyakl\u00e1nccall! Ha szeretn\u00e9d k\u00f6rnyezetedet leny\u0171g\u00f6zni extravag\u00e1ns st\u00edlusoddal \u00e9s \u00e1mulatba ejteni sz\u00edved v\u00e1lasztottj\u00e1t vagy \u00e9leted p\u00e1rj\u00e1t, akkor t\u00f6rj ki a sz\u00fcrkes\u00e9gb\u0151l \u00e9s legy\u00e9l ut\u00e1nozhatatlan!<\/p>\n<p><strong>OGEL szett r\u00e9szei<\/strong>:<\/p>\n<p><strong>OGEL \u00f6v Z\u00f6ld-padlizs\u00e1n lila sz\u00edn\u00f6ssze\u00e1ll\u00edt\u00e1sban.\u00a0<\/strong><\/p>\n<p>\u00d6v<\/p>\n<p>K\u00f6z\u00e9pen 7.5 cm falencs\u00e9re felh\u00fazott h\u00edmzett r\u00e9sz tal\u00e1lhat\u00f3, melyet egy 5 cm min\u0151s\u00e9gi gumib\u00f3l \u00e9s pamutv\u00e1szonb\u00f3l \u00f6sszevarrt anyaggal\u00a0 b\u00e1rhol megk\u00f6theted a derekadon.<\/p>\n<p>Ez a finoms\u00e1got,l\u00e1gys\u00e1got \u00e9s n\u0151iess\u00e9get sug\u00e1rz\u00f3 \u00f6v nagyon praktikus \u00e9s funkcion\u00e1lis, klassz kieg\u00e9sz\u00edt\u0151je lehet a ruhat\u00e1radnak.<\/p>\n<p>M\u00e9rete: hossza: 168 cm , \u00f6v sz\u00e9less\u00e9ge 5 cm , k\u00f6z\u00e9pen a falencse 7.5 cm<\/p>\n<p>A gumis r\u00e9sz 84 cm, ez\u00e9rt annak aj\u00e1nlom ezt a darabot akinek a der\u00e9kb\u0151s\u00e9ge 84 cm vagy felette van. A gumit nem lehet megk\u00f6tni, csak a v\u00e9g\u00e9n tal\u00e1lhat\u00f3 pamutv\u00e1sznat, vagyis akkor j\u00f3 ez az \u00f6vm\u00e9ret sz\u00e1modra, ha a derekadat k\u00f6rbe\u00e9ri teljesen vagy h\u00e1romnegyed r\u00e9szig a gumis r\u00e9sz (84-94 cm).<\/p>\n<p>Nyakl\u00e1nc med\u00e1l m\u00e9rete: 6cm\u00a0 k\u00f6rm\u00e9ret<\/p>\n<p>F\u00fclbeval\u00f3 k\u00f6rm\u00e9rete: 3.8 cm, teljes hossza:6.2 cm<\/p>\n<p>Az OGEL term\u00e9kek nem csup\u00e1n \u00e9kszerek \u00e9s kieg\u00e9sz\u00edt\u0151k, j\u00f3val m\u00e9lyebb spiritu\u00e1lis tartalommal b\u00edrnak.<\/p>\n<p><em>Minden \u0151si kult\u00fara \u00e9s minden term\u00e9szeti n\u00e9pcsoport az univerzumot egys\u00e9gnek, k\u00f6rnek k\u00e9pzelte el. A teremt\u0151 v\u00e9gtelen k\u00f6r\u00e9b\u0151l keletkezett \u00e9s \u00e1ll \u00f6ssze a vil\u00e1g.\u00a0 A k\u00f6r l\u00e9nyeg\u00e9ben a v\u00e1ltoz\u00f3 mozg\u00e1st lek\u00e9pez\u0151 spir\u00e1l egy fordulat\u00e1t jelk\u00e9pezi. Ezt a v\u00e1ltoz\u00f3 mozg\u00e1st szimboliz\u00e1lj\u00e1k az OGEL k\u00f6ralak\u00fa kieg\u00e9sz\u00edt\u0151im, \u00e9kszereim is.<\/em><br \/>\n<em>A k\u00f6r a teljess\u00e9g, t\u00f6k\u00e9letess\u00e9g, harm\u00f3nia jele. Az \u00e9ltet\u0151 melegs\u00e9get \u00e9s f\u00e9nyt, a Napot is szimboliz\u00e1lja. Nem v\u00e9letlen\u00fcl k\u00e9sz\u00fclnek az OGEL \u00e9kszerek \u00e9s kieg\u00e9sz\u00edt\u0151k vid\u00e1m, sz\u00ednes, pozit\u00edv er\u0151ket sug\u00e1rz\u00f3 sz\u00ednekben.<\/em><\/p>\n<p>Az aur\u00e1dnak ragyog\u00e1st ad, energiarezg\u00e9sedet n\u00f6veli \u00e9s pozit\u00edv t\u00f6ltetet ad az OGEL sz\u00ednvil\u00e1g.<\/p>\n<p><strong>L\u00e9gy egys\u00e9gben \u00d6nmagaddal \u00e1ltala!<\/strong><\/p>\n<p>Amennyiben nem szeretn\u00e9d a teljes szettet megv\u00e1s\u00e1rolni, k\u00e9rheted k\u00fcl\u00f6n is \u0151ket:<\/p>\n<ul>\n<li>\u00d6v: 10000 FT<\/li>\n<li>Nyakl\u00e1nc: 6.400 Ft<\/li>\n<li>F\u00fclbeval\u00f3: 5500 Ft<\/li>\n<\/ul>\n<p style=\"text-align: center;\"><!--more--><!--more--><\/p>","protected":false},"excerpt":{"rendered":"<p>OGEL textil \u00f6v, nyakl\u00e1nc, f\u00fclbeval\u00f3 \u00e9s gy\u0171r\u0171<\/p>","protected":false},"featured_media":5202,"template":"","meta":{"_monsterinsights_skip_tracking":false,"_monsterinsights_sitenote_active":false,"_monsterinsights_sitenote_note":"","_monsterinsights_sitenote_category":0,"kt_blocks_editor_width":""},"product_cat":[1443],"product_tag":[1445,1477,1446,1479],"_links":{"self":[{"href":"https:\/\/textilbogyo.hu\/en_gb\/wp-json\/wp\/v2\/product\/5201"}],"collection":[{"href":"https:\/\/textilbogyo.hu\/en_gb\/wp-json\/wp\/v2\/product"}],"about":[{"href":"https:\/\/textilbogyo.hu\/en_gb\/wp-json\/wp\/v2\/types\/product"}],"wp:featuredmedia":[{"embeddable":true,"href":"https:\/\/textilbogyo.hu\/en_gb\/wp-json\/wp\/v2\/media\/5202"}],"wp:attachment":[{"href":"https:\/\/textilbogyo.hu\/en_gb\/wp-json\/wp\/v2\/media?parent=5201"}],"wp:term":[{"taxonomy":"product_cat","embeddable":true,"href":"https:\/\/textilbogyo.hu\/en_gb\/wp-json\/wp\/v2\/product_cat?post=5201"},{"taxonomy":"product_tag","embeddable":true,"href":"https:\/\/textilbogyo.hu\/en_gb\/wp-json\/wp\/v2\/product_tag?post=5201"}],"curies":[{"name":"wp","href":"https:\/\/api.w.org\/{rel}","templated":true}]}}