{"id":5214,"date":"2025-05-29T16:05:52","date_gmt":"2025-05-29T15:05:52","guid":{"rendered":"https:\/\/textilbogyo.hu\/?post_type=product&#038;p=5214"},"modified":"2025-07-07T12:12:35","modified_gmt":"2025-07-07T11:12:35","slug":"dupla-szent-spiral-diszov-zero-waste-derekdisz","status":"publish","type":"product","link":"https:\/\/textilbogyo.hu\/en_gb\/shop\/ovek\/dupla-szent-spiral-diszov-zero-waste-derekdisz\/","title":{"rendered":"Dupla SPIR\u00c1L d\u00edsz\u00f6v, zero waste der\u00e9kd\u00edsz"},"content":{"rendered":"<div style=\"width: 404px;\" class=\"wp-video\"><!--[if lt IE 9]><script>document.createElement('video');<\/script><![endif]-->\n<video class=\"wp-video-shortcode\" id=\"video-5214-1\" width=\"404\" height=\"720\" preload=\"metadata\" controls=\"controls\"><source type=\"video\/mp4\" src=\"https:\/\/textilbogyo.hu\/wp-content\/uploads\/VID_20250530_091702_compressed.mp4?_=1\" \/><a href=\"https:\/\/textilbogyo.hu\/wp-content\/uploads\/VID_20250530_091702_compressed.mp4\">https:\/\/textilbogyo.hu\/wp-content\/uploads\/VID_20250530_091702_compressed.mp4<\/a><\/video><\/div>\n<p>Teljesen \u00faj form\u00e1t \u00f6lt\u00f6tt n\u00e9h\u00e1ny r\u00e9gi p\u00f3l\u00f3, melyeket az \u00fajrahasznos\u00edt\u00e1s jegy\u00e9ben egyik \u00f6vem d\u00edszelem\u00e9v\u00e9 var\u00e1zsoltam. Az \u00f6v k\u00f6zponti d\u00edsze, a k\u00e9t spir\u00e1l vagy fektetett nyolcas, melyek<\/p>\n<p>Ez a finoms\u00e1got,l\u00e1gys\u00e1got \u00e9s n\u0151iess\u00e9get sug\u00e1rz\u00f3 \u00f6v nagyon praktikus \u00e9s funkcion\u00e1lis, klassz kieg\u00e9sz\u00edt\u0151je lehet a ruhat\u00e1radnak.<\/p>\n<p>Dobd fel a napodat egy igazi zerowaste viselettel!<\/p>\n<p>A k\u00f6zponti d\u00edsz 11 cm hossz\u00fa min\u0151s\u00e9gi gumira van varrva, aminek a folytat\u00e1sa egy \u00e9l\u00e9nk z\u00f6ld pamutv\u00e1szon, ezt b\u00e1rhol\u00a0 megk\u00f6theted a derekadon.<\/p>\n<p>&nbsp;<\/p>\n<p>\u00d6v teljes hossza: 224 cm , \u00f6v sz\u00e9less\u00e9ge 4 cm<\/p>\n<p>A gumis r\u00e9sz 87 cm, ez\u00e9rt annak aj\u00e1nlom ezt a darabot akinek a der\u00e9kb\u0151s\u00e9ge 87 cm vagy felette van. A gumit nem lehet megk\u00f6tni, csak a v\u00e9g\u00e9n tal\u00e1lhat\u00f3 pamutv\u00e1sznat, vagyis akkor j\u00f3 ez az \u00f6vm\u00e9ret sz\u00e1modra, ha a derekadat k\u00f6rbe\u00e9ri teljesen vagy h\u00e1romnegyed r\u00e9szig a gumis r\u00e9sz (87-97 cm).<\/p>\n<p>&nbsp;<\/p>\n<p>&nbsp;<\/p>\n<p>&nbsp;<\/p>\n<ul>\n<li><\/li>\n<\/ul>\n","protected":false},"excerpt":{"rendered":"<p>\u00d6v a zero waste jegy\u00e9ben<\/p>","protected":false},"featured_media":5215,"template":"","meta":{"_monsterinsights_skip_tracking":false,"_monsterinsights_sitenote_active":false,"_monsterinsights_sitenote_note":"","_monsterinsights_sitenote_category":0,"kt_blocks_editor_width":""},"product_cat":[1443],"product_tag":[1445,1446,1482,1483,1481,1480],"_links":{"self":[{"href":"https:\/\/textilbogyo.hu\/en_gb\/wp-json\/wp\/v2\/product\/5214"}],"collection":[{"href":"https:\/\/textilbogyo.hu\/en_gb\/wp-json\/wp\/v2\/product"}],"about":[{"href":"https:\/\/textilbogyo.hu\/en_gb\/wp-json\/wp\/v2\/types\/product"}],"wp:featuredmedia":[{"embeddable":true,"href":"https:\/\/textilbogyo.hu\/en_gb\/wp-json\/wp\/v2\/media\/5215"}],"wp:attachment":[{"href":"https:\/\/textilbogyo.hu\/en_gb\/wp-json\/wp\/v2\/media?parent=5214"}],"wp:term":[{"taxonomy":"product_cat","embeddable":true,"href":"https:\/\/textilbogyo.hu\/en_gb\/wp-json\/wp\/v2\/product_cat?post=5214"},{"taxonomy":"product_tag","embeddable":true,"href":"https:\/\/textilbogyo.hu\/en_gb\/wp-json\/wp\/v2\/product_tag?post=5214"}],"curies":[{"name":"wp","href":"https:\/\/api.w.org\/{rel}","templated":true}]}}