{"id":5238,"date":"2025-05-30T10:25:15","date_gmt":"2025-05-30T09:25:15","guid":{"rendered":"https:\/\/textilbogyo.hu\/?post_type=product&#038;p=5238"},"modified":"2025-10-12T15:56:52","modified_gmt":"2025-10-12T14:56:52","slug":"viragmezo-megkotos-ogel-ov-egyedi-szines-derekdisz","status":"publish","type":"product","link":"https:\/\/textilbogyo.hu\/en_gb\/shop\/ovek\/viragmezo-megkotos-ogel-ov-egyedi-szines-derekdisz\/","title":{"rendered":"VIR\u00c1GMEZ\u0150 megk\u00f6t\u0151s OGEL \u00f6v,sz\u00ednes der\u00e9kd\u00edsz nyakl\u00e1nccal \u00e9s gy\u0171r\u0171vel"},"content":{"rendered":"<p>Mer\u00e9sz? Extravag\u00e1ns? Mag\u00e1val ragad\u00f3? Igen, de mi\u00e9rt ne? Sz\u00fcrke, monoton h\u00e9tk\u00f6znapjaidat dobd fel egy Textilbogy\u00f3s viselettel! Biztos lehetsz benne, ezzel az OGEL \u00f6vvel ki fogsz t\u0171nni a t\u00f6megb\u0151l!<\/p>\n<p>K\u00f6z\u00e9pen 7.5 falencs\u00e9re felh\u00fazott h\u00edmzett r\u00e9sz tal\u00e1lhat\u00f3, melyet egy 5 cm min\u0151s\u00e9gi gumib\u00f3l \u00e9s pamutv\u00e1szonb\u00f3l \u00f6sszevarrt anyaggal\u00a0 b\u00e1rhol megk\u00f6theted a derekadon.<\/p>\n<p>Ez a finoms\u00e1got,l\u00e1gys\u00e1got \u00e9s n\u0151iess\u00e9get sug\u00e1rz\u00f3 \u00f6v nagyon praktikus \u00e9s funkcion\u00e1lis, klassz kieg\u00e9sz\u00edt\u0151je lehet a ruhat\u00e1radnak.<\/p>\n<p>M\u00e9rete: hossza: 224 cm , \u00f6v sz\u00e9less\u00e9ge 5 cm , k\u00f6z\u00e9pen a falencse 7.5cm<\/p>\n<p>A gumis r\u00e9sz 75 cm, ez\u00e9rt annak aj\u00e1nlom ezt a darabot akinek a der\u00e9kb\u0151s\u00e9ge 75-85 cm k\u00f6z\u00f6tt van. A gumit nem lehet megk\u00f6tni, csak a v\u00e9g\u00e9n tal\u00e1lhat\u00f3 pamutv\u00e1sznat, vagyis akkor j\u00f3 ez az \u00f6vm\u00e9ret sz\u00e1modra, ha a derekadat k\u00f6rbe\u00e9ri teljesen vagy h\u00e1romnegyed r\u00e9szig a gumis r\u00e9sz.<\/p>\n<p>&nbsp;<\/p>\n<p>Az OGEL term\u00e9kek nem csup\u00e1n \u00e9kszerek \u00e9s kieg\u00e9sz\u00edt\u0151k, j\u00f3val m\u00e9lyebb spiritu\u00e1lis tartalommal b\u00edrnak.<\/p>\n<p><em>Minden \u0151si kult\u00fara \u00e9s minden term\u00e9szeti n\u00e9pcsoport az univerzumot egys\u00e9gnek, k\u00f6rnek k\u00e9pzelte el. A teremt\u0151 v\u00e9gtelen k\u00f6r\u00e9b\u0151l keletkezett \u00e9s \u00e1ll \u00f6ssze a vil\u00e1g.\u00a0 A k\u00f6r l\u00e9nyeg\u00e9ben a v\u00e1ltoz\u00f3 mozg\u00e1st lek\u00e9pez\u0151 spir\u00e1l egy fordulat\u00e1t jelk\u00e9pezi. Ezt a v\u00e1ltoz\u00f3 mozg\u00e1st szimboliz\u00e1lj\u00e1k az OGEL k\u00f6ralak\u00fa kieg\u00e9sz\u00edt\u0151im, \u00e9kszereim is.<\/em><br \/>\n<em>A k\u00f6r a teljess\u00e9g, t\u00f6k\u00e9letess\u00e9g, harm\u00f3nia jele. Az \u00e9ltet\u0151 melegs\u00e9get \u00e9s f\u00e9nyt, a Napot is szimboliz\u00e1lja. Nem v\u00e9letlen\u00fcl k\u00e9sz\u00fclnek az OGEL \u00e9kszerek \u00e9s kieg\u00e9sz\u00edt\u0151k vid\u00e1m, sz\u00ednes, pozit\u00edv er\u0151ket sug\u00e1rz\u00f3 sz\u00ednekben.<\/em><\/p>\n<p>Az aur\u00e1dnak ragyog\u00e1st ad, energiarezg\u00e9sedet n\u00f6veli \u00e9s pozit\u00edv t\u00f6ltetet ad az OGEL sz\u00ednvil\u00e1g.<\/p>\n<p><strong>L\u00e9gy egys\u00e9gben \u00d6nmagaddal \u00e1ltala!<\/strong><\/p>\n<p>\u00d6v. 10.000 Ft<\/p>\n<p>Gy\u0171r\u0171: 4000 Ft<\/p>\n<p>Nyakl\u00e1nc: 6800 Ft<\/p>","protected":false},"excerpt":{"rendered":"<p>OGEL textil \u00f6v gy\u0171r\u0171vel \u00e9s nyakl\u00e1nccal<\/p>","protected":false},"featured_media":5388,"template":"","meta":{"_monsterinsights_skip_tracking":false,"_monsterinsights_sitenote_active":false,"_monsterinsights_sitenote_note":"","_monsterinsights_sitenote_category":0,"kt_blocks_editor_width":""},"product_cat":[1443,1511],"product_tag":[1445,1446,1485],"_links":{"self":[{"href":"https:\/\/textilbogyo.hu\/en_gb\/wp-json\/wp\/v2\/product\/5238"}],"collection":[{"href":"https:\/\/textilbogyo.hu\/en_gb\/wp-json\/wp\/v2\/product"}],"about":[{"href":"https:\/\/textilbogyo.hu\/en_gb\/wp-json\/wp\/v2\/types\/product"}],"wp:featuredmedia":[{"embeddable":true,"href":"https:\/\/textilbogyo.hu\/en_gb\/wp-json\/wp\/v2\/media\/5388"}],"wp:attachment":[{"href":"https:\/\/textilbogyo.hu\/en_gb\/wp-json\/wp\/v2\/media?parent=5238"}],"wp:term":[{"taxonomy":"product_cat","embeddable":true,"href":"https:\/\/textilbogyo.hu\/en_gb\/wp-json\/wp\/v2\/product_cat?post=5238"},{"taxonomy":"product_tag","embeddable":true,"href":"https:\/\/textilbogyo.hu\/en_gb\/wp-json\/wp\/v2\/product_tag?post=5238"}],"curies":[{"name":"wp","href":"https:\/\/api.w.org\/{rel}","templated":true}]}}