{"id":5483,"date":"2026-03-10T11:42:06","date_gmt":"2026-03-10T10:42:06","guid":{"rendered":"https:\/\/textilbogyo.hu\/?post_type=product&#038;p=5483"},"modified":"2026-03-20T11:43:04","modified_gmt":"2026-03-20T10:43:04","slug":"vilagoszold-pottyos-randi-taska-valtoztathato-diszelemmel-alkalmi-kistaska","status":"publish","type":"product","link":"https:\/\/textilbogyo.hu\/en_gb\/shop\/vadiuj-cuccok\/vilagoszold-pottyos-randi-taska-valtoztathato-diszelemmel-alkalmi-kistaska\/","title":{"rendered":"Vil\u00e1gosz\u00f6ld p\u00f6tty\u00f6s randi t\u00e1ska v\u00e1ltoztathat\u00f3 d\u00edszelemmel, alkalmi kist\u00e1ska"},"content":{"rendered":"<p>Divatos p\u00f6tty\u00f6s randi t\u00e1ska, mely nemcsak praktikus kieg\u00e9sz\u00edt\u0151, hanem a megjelen\u00e9sed egyik legfontosabb eleme. Ez az egyedi darab feldobja az \u00f6lt\u00f6z\u00e9kedet, \u00e9s seg\u00edt, hogy magabiztosnak \u00e9rezd magad a randin. Ez a t\u00e1ska nem arraval\u00f3, hogy telepakold mindenf\u00e9le haszontalan dologgal, csak a legfontosabb dolgok illenek ehhez a t\u00e1sk\u00e1hoz: telefon, p\u00e9nzt\u00e1rca, p\u00fader \u00e9s ajakr\u00fazs, mini t\u00fck\u00f6r,stb.<\/p>\n<p>A t\u00e1ska els\u0151 r\u00e9sz\u00e9n l\u00e9v\u0151 kerek d\u00edszdarabot v\u00e1ltoztathatod, kett\u0151 kerekalak\u00fa + 1 db sz\u00edvalak\u00fa d\u00edszelemre. (fadarabra k\u00e9sz\u00fclt d\u00edszek, melyek t\u00e9p\u0151z\u00e1rral illeszkednek a t\u00e1sk\u00e1hoz)<\/p>\n<p>Tov\u00e1bbi kieg\u00e9sz\u00edt\u0151 darabok k\u00e9rhet\u0151ek: m\u00e1s sz\u00ednben kerek falencs\u00e9s 900 Ft, sz\u00edvecsk\u00e9s: 1400 Ft, cic\u00e1s 1400 Ft. K\u00e9rlek, \u00edrj , ha sz\u00fcks\u00e9ged van m\u00e9g tov\u00e1bbi d\u00edsz\u00edt\u0151 elemekre.<\/p>\n<p>M\u00e1gneses kapoccsal z\u00e1rhat\u00f3 a t\u00e1ska. Ha els\u0151 randira k\u00e9sz\u00fclsz az ismeretlen nagy \u0150-vel, el\u00e9g annyit mondanod, hogy &#8222;p\u00f6tty\u00f6s t\u00e1ska lesz n\u00e1lam&#8221;.<\/p>\n<p>Sz\u00e9less\u00e9ge: 25 cm Teljes hossz a f\u00fclekkel egy\u00fctt: 26 cm<\/p>\n<p>T\u0171nj ki a t\u00f6megb\u0151l, mutasd meg \u00f6nmagad!<\/p>","protected":false},"excerpt":{"rendered":"<p>Divatos p\u00f6tty\u00f6s randi t\u00e1ska, mely nemcsak praktikus kieg\u00e9sz\u00edt\u0151, hanem a megjelen\u00e9sed egyik legfontosabb eleme. Ez az egyedi darab feldobja az \u00f6lt\u00f6z\u00e9kedet, \u00e9s seg\u00edt, hogy magabiztosnak \u00e9rezd magad a randin. Ez a t\u00e1ska nem arraval\u00f3, hogy telepakold mindenf\u00e9le haszontalan dologgal, csak &hellip; <a href=\"https:\/\/textilbogyo.hu\/en_gb\/shop\/vadiuj-cuccok\/vilagoszold-pottyos-randi-taska-valtoztathato-diszelemmel-alkalmi-kistaska\/\">Continued<\/a><\/p>","protected":false},"featured_media":5484,"template":"","meta":{"_monsterinsights_skip_tracking":false,"_monsterinsights_sitenote_active":false,"_monsterinsights_sitenote_note":"","_monsterinsights_sitenote_category":0,"kt_blocks_editor_width":""},"product_cat":[1512,1511],"product_tag":[1515,1513,1514,1518],"_links":{"self":[{"href":"https:\/\/textilbogyo.hu\/en_gb\/wp-json\/wp\/v2\/product\/5483"}],"collection":[{"href":"https:\/\/textilbogyo.hu\/en_gb\/wp-json\/wp\/v2\/product"}],"about":[{"href":"https:\/\/textilbogyo.hu\/en_gb\/wp-json\/wp\/v2\/types\/product"}],"wp:featuredmedia":[{"embeddable":true,"href":"https:\/\/textilbogyo.hu\/en_gb\/wp-json\/wp\/v2\/media\/5484"}],"wp:attachment":[{"href":"https:\/\/textilbogyo.hu\/en_gb\/wp-json\/wp\/v2\/media?parent=5483"}],"wp:term":[{"taxonomy":"product_cat","embeddable":true,"href":"https:\/\/textilbogyo.hu\/en_gb\/wp-json\/wp\/v2\/product_cat?post=5483"},{"taxonomy":"product_tag","embeddable":true,"href":"https:\/\/textilbogyo.hu\/en_gb\/wp-json\/wp\/v2\/product_tag?post=5483"}],"curies":[{"name":"wp","href":"https:\/\/api.w.org\/{rel}","templated":true}]}}