{"id":5534,"date":"2026-03-30T16:25:40","date_gmt":"2026-03-30T15:25:40","guid":{"rendered":"https:\/\/textilbogyo.hu\/?post_type=product&#038;p=5534"},"modified":"2026-03-30T18:04:17","modified_gmt":"2026-03-30T17:04:17","slug":"pottyos-kalapos-hajpantok-gyerekeknek-es-noknek","status":"publish","type":"product","link":"https:\/\/textilbogyo.hu\/en_gb\/shop\/most-wanted\/pottyos-kalapos-hajpantok-gyerekeknek-es-noknek\/","title":{"rendered":"P\u00f6tty\u00f6s Kalapos hajp\u00e1ntok gyerekeknek \u00e9s n\u0151knek"},"content":{"rendered":"<p>Textil gumis hajp\u00e1ntok sz\u00ednes v\u00e1laszt\u00e9k\u00e1t l\u00e1thatod itt, melyeken p\u00f6tty\u00f6s anyagb\u00f3l k\u00e9sz\u00fclt gy\u00f6ngy\u00f6kkel d\u00edsz\u00edtett n\u0151i kalap tal\u00e1lhat\u00f3 dekorat\u00edv elemk\u00e9nt.<\/p>\n<p>N\u0151i kalap k\u00f6rm\u00e9rete a hajr\u00e1fokon: \u00e1ltal\u00e1ban 5.5 cm<\/p>\n<p>Hajp\u00e1nt sz\u00e9less\u00e9ge: 5 cm<\/p>\n<p>Hajp\u00e1nt hossza: 19 cm<\/p>\n<p>\u2714 K\u00e9nyelmes viselet \u2714 Divatos \u00e9s egyedi megjelen\u00e9s \u2714Minden alkalomra t\u00f6k\u00e9letes<\/p>\n<p>Gyerekeknek \u00e9s feln\u0151tt n\u0151knek is aj\u00e1nlom! Dobd fel a megjelen\u00e9sed ezzel a vid\u00e1m hajr\u00e1ffal!<\/p>","protected":false},"excerpt":{"rendered":"<p>hajp\u00e1nt gyerekeknek \u00e9s n\u0151knek<\/p>","protected":false},"featured_media":5544,"template":"","meta":{"_monsterinsights_skip_tracking":false,"_monsterinsights_sitenote_active":false,"_monsterinsights_sitenote_note":"","_monsterinsights_sitenote_category":0,"kt_blocks_editor_width":""},"product_cat":[1430,1511,18],"product_tag":[1524,1522,1515,1525,1523],"_links":{"self":[{"href":"https:\/\/textilbogyo.hu\/en_gb\/wp-json\/wp\/v2\/product\/5534"}],"collection":[{"href":"https:\/\/textilbogyo.hu\/en_gb\/wp-json\/wp\/v2\/product"}],"about":[{"href":"https:\/\/textilbogyo.hu\/en_gb\/wp-json\/wp\/v2\/types\/product"}],"wp:featuredmedia":[{"embeddable":true,"href":"https:\/\/textilbogyo.hu\/en_gb\/wp-json\/wp\/v2\/media\/5544"}],"wp:attachment":[{"href":"https:\/\/textilbogyo.hu\/en_gb\/wp-json\/wp\/v2\/media?parent=5534"}],"wp:term":[{"taxonomy":"product_cat","embeddable":true,"href":"https:\/\/textilbogyo.hu\/en_gb\/wp-json\/wp\/v2\/product_cat?post=5534"},{"taxonomy":"product_tag","embeddable":true,"href":"https:\/\/textilbogyo.hu\/en_gb\/wp-json\/wp\/v2\/product_tag?post=5534"}],"curies":[{"name":"wp","href":"https:\/\/api.w.org\/{rel}","templated":true}]}}