{"id":5561,"date":"2026-03-31T09:38:07","date_gmt":"2026-03-31T08:38:07","guid":{"rendered":"https:\/\/textilbogyo.hu\/?post_type=product&#038;p=5561"},"modified":"2026-04-02T19:11:25","modified_gmt":"2026-04-02T18:11:25","slug":"szines-vidam-hajgumik-hajdiszek","status":"publish","type":"product","link":"https:\/\/textilbogyo.hu\/en_gb\/shop\/most-wanted\/szines-vidam-hajgumik-hajdiszek\/","title":{"rendered":"Sz\u00ednes, vid\u00e1m hajgumik, hajd\u00edszek gyerekeknek \u00e9s n\u0151knek"},"content":{"rendered":"<p>Sz\u00ednes, vid\u00e1m hajgumik k\u00fcl\u00f6nb\u00f6z\u0151 sz\u00edn\u00e1rnyalatokban kisl\u00e1nyoknak, tin\u00e9dzsereknek \u00e9s n\u0151knek egyar\u00e1nt, akik szeretn\u00e9k feldobni a megjelen\u00e9s\u00fcket.<\/p>\n<p>Ezekkel a darabokkal garant\u00e1ltan R\u00e1d figyelnek!<\/p>\n<p>F\u00e9malapban fonallal bevont falencse tal\u00e1lhat\u00f3, mely fekete hajgumival van \u00f6sszeer\u0151s\u00edtve.<\/p>\n<p>A sz\u00ednes d\u00edszek m\u00e9rete: 20 mm<\/p>\n<p>A csomagban 2 db hajgumit tal\u00e1lsz.<\/p>","protected":false},"excerpt":{"rendered":"<p>hajgumik gyerekeknek \u00e9s n\u0151knek<\/p>","protected":false},"featured_media":5571,"template":"","meta":{"_monsterinsights_skip_tracking":false,"_monsterinsights_sitenote_active":false,"_monsterinsights_sitenote_note":"","_monsterinsights_sitenote_category":0,"kt_blocks_editor_width":""},"product_cat":[1430,1511,18],"product_tag":[1527,1526,1529,1528],"_links":{"self":[{"href":"https:\/\/textilbogyo.hu\/en_gb\/wp-json\/wp\/v2\/product\/5561"}],"collection":[{"href":"https:\/\/textilbogyo.hu\/en_gb\/wp-json\/wp\/v2\/product"}],"about":[{"href":"https:\/\/textilbogyo.hu\/en_gb\/wp-json\/wp\/v2\/types\/product"}],"wp:featuredmedia":[{"embeddable":true,"href":"https:\/\/textilbogyo.hu\/en_gb\/wp-json\/wp\/v2\/media\/5571"}],"wp:attachment":[{"href":"https:\/\/textilbogyo.hu\/en_gb\/wp-json\/wp\/v2\/media?parent=5561"}],"wp:term":[{"taxonomy":"product_cat","embeddable":true,"href":"https:\/\/textilbogyo.hu\/en_gb\/wp-json\/wp\/v2\/product_cat?post=5561"},{"taxonomy":"product_tag","embeddable":true,"href":"https:\/\/textilbogyo.hu\/en_gb\/wp-json\/wp\/v2\/product_tag?post=5561"}],"curies":[{"name":"wp","href":"https:\/\/api.w.org\/{rel}","templated":true}]}}