{"id":5587,"date":"2026-03-31T12:27:40","date_gmt":"2026-03-31T11:27:40","guid":{"rendered":"https:\/\/textilbogyo.hu\/?post_type=product&#038;p=5587"},"modified":"2026-04-02T19:08:39","modified_gmt":"2026-04-02T18:08:39","slug":"szines-hajcsat-divatos-hajbavalo-hajdisz-fonal-hajdisz","status":"publish","type":"product","link":"https:\/\/textilbogyo.hu\/en_gb\/shop\/most-wanted\/szines-hajcsat-divatos-hajbavalo-hajdisz-fonal-hajdisz\/","title":{"rendered":"Sz\u00ednes hajcsat, divatos hajbaval\u00f3, hajd\u00edsz, fonal hajd\u00edsz"},"content":{"rendered":"<p>Praktikus t\u00f6bb sz\u00edn\u00e1rnyalat\u00fa textilbogy\u00f3 hajcsat, mely kiemeli hajunk sz\u00e9ps\u00e9g\u00e9t. Nemcsak \u00fcnnepi viseletre aj\u00e1nlom,hanem a h\u00e9tk\u00f6znapokra is. Csod\u00e1san kieg\u00e9sz\u00edt b\u00e1rmilyen frizur\u00e1t, egyszer\u0171en haszn\u00e1lhat\u00f3.<\/p>\n<p>Bogy\u00f3k \u00e1tm\u00e9r\u0151je:10 mm x 3 Teljes hossz: 7 cm<\/p>\n<p>&nbsp;<\/p>\n<p>A csomag 2db hajcsatot tartalmaz<\/p>\n<p>Kiv\u00e1l\u00f3 aj\u00e1nd\u00e9k kar\u00e1csonyra, n\u00e9vnapra, sz\u00fclinapra,de h\u00e9tk\u00f6znapi viseletre is aj\u00e1nlom!<\/p>","protected":false},"excerpt":{"rendered":"<p>hajcsatok gyerekeknek \u00e9s n\u0151knek<\/p>","protected":false},"featured_media":5598,"template":"","meta":{"_monsterinsights_skip_tracking":false,"_monsterinsights_sitenote_active":false,"_monsterinsights_sitenote_note":"","_monsterinsights_sitenote_category":0,"kt_blocks_editor_width":""},"product_cat":[1430,1511,18],"product_tag":[1530,1527,1532,1531],"_links":{"self":[{"href":"https:\/\/textilbogyo.hu\/en_gb\/wp-json\/wp\/v2\/product\/5587"}],"collection":[{"href":"https:\/\/textilbogyo.hu\/en_gb\/wp-json\/wp\/v2\/product"}],"about":[{"href":"https:\/\/textilbogyo.hu\/en_gb\/wp-json\/wp\/v2\/types\/product"}],"wp:featuredmedia":[{"embeddable":true,"href":"https:\/\/textilbogyo.hu\/en_gb\/wp-json\/wp\/v2\/media\/5598"}],"wp:attachment":[{"href":"https:\/\/textilbogyo.hu\/en_gb\/wp-json\/wp\/v2\/media?parent=5587"}],"wp:term":[{"taxonomy":"product_cat","embeddable":true,"href":"https:\/\/textilbogyo.hu\/en_gb\/wp-json\/wp\/v2\/product_cat?post=5587"},{"taxonomy":"product_tag","embeddable":true,"href":"https:\/\/textilbogyo.hu\/en_gb\/wp-json\/wp\/v2\/product_tag?post=5587"}],"curies":[{"name":"wp","href":"https:\/\/api.w.org\/{rel}","templated":true}]}}